{"id":9,"date":"2014-12-05T21:49:29","date_gmt":"2014-12-05T20:49:29","guid":{"rendered":"http:\/\/clubcorvette.se\/vast\/startsida\/"},"modified":"2024-09-11T10:43:26","modified_gmt":"2024-09-11T08:43:26","slug":"startsida","status":"publish","type":"page","link":"https:\/\/clubcorvette.se\/vast\/","title":{"rendered":"Startsida"},"content":{"rendered":"<div align=\"center\">\n<h2>Distrikt V\u00e4st<\/h2>\n<\/div>\n<p><!--more--><\/p>\n<p><!--more--><\/p>\n<div align=\"center\">Det \u00e4r vi som f\u00f6rs\u00f6ker g\u00f6ra ert medlemskap i Club Corvette Sweden \u00e4n mer givande f\u00f6r dig som bor i de v\u00e4stra regionerna av v\u00e5rt avl\u00e5nga land. Mer best\u00e4mt f\u00f6r er som bor i G\u00f6teborg, Dalsland, Bohusl\u00e4n, \u00c4lvsborg och Halland.<\/div>\n<div align=\"center\">\n<h2><b>SOMMARHALV\u00c5RET<\/b><\/h2>\n<\/div>\n<div align=\"center\"><b><br \/>\nV\u00e5rm\u00f6nstring i maj m\u00e5nad<br \/>\nSommaraktivitet i juli m\u00e5nad<br \/>\nH\u00f6stcruising i augusti\/september m\u00e5nad<\/b><\/div>\n<div align=\"center\">I distriktet arrangeras tv\u00e5 eller tre st\u00f6rre \u00e5rliga utflykter, Cruisings, d\u00e4r vi \u00e5ker i caravan till n\u00e5gra lokala sp\u00e4nnande p\u00e4rlor. Absolut st\u00f6rst \u00e4r V\u00e5rm\u00f6nstringen, ett tv\u00e5dagars arrangemang med \u00f6vernattning och aktiviteter b\u00e5da dagarna. F\u00f6r mer information om kommande utflykter titta under kalendern, eller se vad vi gjorde p\u00e5 senaste utflykterna genom att titta under <a href=\"http:\/\/www.clubcorvette.se\/distrikt\/vast\/reportage_vast.html\">Reportage eller klicka h\u00e4r<\/a>.<\/div>\n<div align=\"center\"><\/div>\n<div align=\"center\"><b>&#8221;Oldies but Goldies&#8221; &#8211; Maj<\/b><\/div>\n<div align=\"center\">\u00c5r 2008 var det premi\u00e4r f\u00f6r aktiviteter inriktade p\u00e5 alla v\u00e5ra l\u00e4ckra \u00e4ldre Corvetter. Vi har p\u00e5 detta s\u00e4tt hittat ett forum d\u00e4r \u00e4gare till och Corvetter mellan 1953-1985 kan tr\u00e4ffas. \u201dOldies\u201d skapades och har blivit mycket popul\u00e4r med \u00e5ren. Arbetsnamnet p\u00e5 f\u00f6rsta tr\u00e4ffen var &#8221;Oldies but goldies&#8221;, med gyllene godsaker. Det namnet har h\u00e5llt i sig och \u00e4r \u00e5rligen \u00e5terkommande.<\/div>\n<div align=\"center\"><\/div>\n<div align=\"center\"><b>SommarOnsdagtr\u00e4ffar<\/b><\/div>\n<div align=\"center\">F\u00f6rutom dessa tre stora utflykter samlas vi i G\u00f6teborgsomr\u00e5det varannan onsdag, udda veckor, under sommarhalv\u00e5ret, maj-augusti, f\u00f6r enklare utflykter till ett kul fik eller f\u00f6r att grilla n\u00e5got l\u00e4tt. Vi samlas klockan 18:00 f\u00f6r att kort d\u00e4refter \u00e5ka iv\u00e4g en sv\u00e4ng. Samlingsplats Parkeringen bakom Systembolaget Munkeb\u00e4ckstorg. Normalt brukar vi samlas med 10-15 bilar. Vill du f\u00e5 en bild av vad vi g\u00f6r en onsdagskv\u00e4ll, titta under<a href=\"http:\/\/www.clubcorvette.se\/distrikt\/vast\/pictures\/West_onsdag_04\/vast_onsdag04.html\">Reportage eller klicka h\u00e4r<\/a>. Det arrangeras \u00e4ven lokala veckotr\u00e4ffar med aktiviteter i bla Halmstads- och Varbergs-omr\u00e5det.<\/div>\n<div align=\"center\"><\/div>\n<div align=\"center\"><b>&#8221;Kul p\u00e5 hjul&#8221;, tex V\u00e5rg\u00e5rda flygf\u00e4lt eller Kinnekulle Ring<br \/>\noch andra enklare otvungna k\u00f6rningar<\/b><\/div>\n<div align=\"center\">Sedan 2006 har arrangerats en dag med mycket &#8221;Kul p\u00e5 hjul&#8221; med olika aktiviteter f\u00f6r att b\u00e4ttre l\u00e4ra k\u00e4nna din Corvette p\u00e5 varierande banor s\u00e5 som Kinnekulle Ring, V\u00e5rg\u00e5rda Flygf\u00e4lt eller vad det nu klan bli. Vi har ocks\u00e5 samarbete med Sportvagnsklubben G\u00f6teborg f\u00f6r att skapa fler tillf\u00e4llen f\u00f6r att p\u00e5 enkla, lekfulla och otvungna s\u00e4tt kunna testa sig sj\u00e4lv och sin bil.<\/div>\n<div align=\"center\"><\/div>\n<div align=\"center\"><b>GoCart VM<\/b><\/div>\n<div align=\"center\">I samband med en av SommarOnsdagstr\u00e4ffarna arrangeras en lokal GoCart t\u00e4vling varje \u00e5r i Juni\/Juli. Hittills har vi k\u00f6rt denna p\u00e5 Team 13&#8217;s anl\u00e4ggning i Torslanda med 20-30 deltagare.<\/div>\n<div align=\"center\"><\/div>\n<div align=\"center\">\n<h2><b>VINTERHALV\u00c5RET<\/b><\/h2>\n<\/div>\n<div align=\"center\">Onsdagstr\u00e4ffar &#8211; SpecialOnsdagar<br \/>\nBowlingt\u00e4vling &#8211; &#8221;R\u00e4nnan Cup&#8221; i Januari<\/p>\n<\/div>\n<p><!--more--><\/p>\n<p><!--more--><\/p>\n","protected":false},"excerpt":{"rendered":"<p>Distrikt V\u00e4st<\/p>\n","protected":false},"author":1,"featured_media":0,"parent":0,"menu_order":1,"comment_status":"open","ping_status":"open","template":"template-home.php","meta":{"_acf_changed":false,"footnotes":""},"class_list":["post-9","page","type-page","status-publish","hentry"],"acf":[],"_links":{"self":[{"href":"https:\/\/clubcorvette.se\/vast\/wp-json\/wp\/v2\/pages\/9","targetHints":{"allow":["GET"]}}],"collection":[{"href":"https:\/\/clubcorvette.se\/vast\/wp-json\/wp\/v2\/pages"}],"about":[{"href":"https:\/\/clubcorvette.se\/vast\/wp-json\/wp\/v2\/types\/page"}],"author":[{"embeddable":true,"href":"https:\/\/clubcorvette.se\/vast\/wp-json\/wp\/v2\/users\/1"}],"replies":[{"embeddable":true,"href":"https:\/\/clubcorvette.se\/vast\/wp-json\/wp\/v2\/comments?post=9"}],"version-history":[{"count":8,"href":"https:\/\/clubcorvette.se\/vast\/wp-json\/wp\/v2\/pages\/9\/revisions"}],"predecessor-version":[{"id":2917,"href":"https:\/\/clubcorvette.se\/vast\/wp-json\/wp\/v2\/pages\/9\/revisions\/2917"}],"wp:attachment":[{"href":"https:\/\/clubcorvette.se\/vast\/wp-json\/wp\/v2\/media?parent=9"}],"curies":[{"name":"wp","href":"https:\/\/api.w.org\/{rel}","templated":true}]}}