{"id":3,"date":"2014-12-05T21:49:07","date_gmt":"2014-12-05T20:49:07","guid":{"rendered":"http:\/\/clubcorvette.se\/vast\/evenemang\/"},"modified":"2015-03-28T13:11:11","modified_gmt":"2015-03-28T12:11:11","slug":"kalender","status":"publish","type":"page","link":"https:\/\/clubcorvette.se\/vast\/kalender\/","title":{"rendered":"Kalender"},"content":{"rendered":"<div align=\"center\"><strong>Kalender 2015<\/strong><\/div>\n<div align=\"center\">\n<table border=\"0\" width=\"545\" cellspacing=\"0\" cellpadding=\"4\">\n<tbody>\n<tr>\n<td width=\"61\">\n<div align=\"left\"><strong>Tidpunkt<\/strong><\/div>\n<\/td>\n<td width=\"308\">\n<div align=\"left\"><strong>Program<\/strong><\/div>\n<\/td>\n<td width=\"127\">\n<div align=\"left\"><strong>Anm\u00e4rkning<\/strong><\/div>\n<\/td>\n<\/tr>\n<tr valign=\"top\">\n<td colspan=\"3\" bgcolor=\"#eaeaea\"><strong>Januari<\/strong><\/td>\n<\/tr>\n<tr valign=\"top\">\n<td>24\/1<\/td>\n<td>Bowling &#8211; R\u00e4nnan Cup 2015<\/td>\n<td><a href=\"http:\/\/www.clubcorvette.se\/distrikt\/vast\/kalender_vast.html#rannan\">L\u00e4s mer h\u00e4r&#8230;<\/a><\/td>\n<\/tr>\n<tr valign=\"top\">\n<td colspan=\"3\" bgcolor=\"#eaeaea\"><strong>Februari<\/strong><\/td>\n<\/tr>\n<tr valign=\"top\">\n<td>14\/2<\/td>\n<td>Oldies &#8211; Inshimsning av kaross mm. Lysekil<\/td>\n<td><a href=\"http:\/\/www.clubcorvette.se\/distrikt\/vast\/kalender_vast.html#ol_garage\">L\u00e4s mer h\u00e4r&#8230;<\/a><\/td>\n<\/tr>\n<tr valign=\"top\">\n<td colspan=\"3\" bgcolor=\"#eaeaea\"><strong>Mars<\/strong><\/td>\n<\/tr>\n<tr valign=\"top\">\n<td>7\/3<\/td>\n<td>Slot Car Racing &#8211; Trollh\u00e4ttan<\/td>\n<td><a href=\"http:\/\/www.clubcorvette.se\/distrikt\/vast\/kalender_vast.html#ol_slot\">L\u00e4s mer h\u00e4r&#8230;<\/a><\/td>\n<\/tr>\n<tr valign=\"top\">\n<td>28\/3<\/td>\n<td>Introduktionstr\u00e4ff nya medlemmar, Hedin Bil, US Center &#8211; M\u00f6lndal<\/td>\n<td><a href=\"http:\/\/www.clubcorvette.se\/distrikt\/vast\/kalender_vast.html#intro\">L\u00e4s mer h\u00e4r&#8230;<\/a><\/td>\n<\/tr>\n<tr valign=\"top\">\n<td>28\/3<\/td>\n<td>Filmfestival i V\u00e4st, Hedin Bil, US Center &#8211; M\u00f6lndal<\/td>\n<td><a href=\"http:\/\/www.clubcorvette.se\/distrikt\/vast\/kalender_vast.html#filmfest\">L\u00e4s mer h\u00e4r&#8230;<\/a><\/td>\n<\/tr>\n<tr valign=\"top\">\n<td>28\/3<\/td>\n<td>Middag i samband med filmfestivalen &#8211; G\u00f6teborg<\/td>\n<td><a href=\"http:\/\/www.clubcorvette.se\/distrikt\/vast\/kalender_vast.html#filmfest\">L\u00e4s mer h\u00e4r&#8230;<\/a><\/td>\n<\/tr>\n<tr valign=\"top\">\n<td colspan=\"3\" bgcolor=\"#eaeaea\"><strong>April<\/strong><\/td>\n<\/tr>\n<tr valign=\"top\">\n<td>23\/4<\/td>\n<td>SVKG V\u00e5rruset, Bank\u00f6rning Falkenberg Motorbana<\/td>\n<td><a href=\"http:\/\/www.clubcorvette.se\/distrikt\/vast\/kalender_vast.html#svkg\">L\u00e4s mer h\u00e4r&#8230;<\/a><\/td>\n<\/tr>\n<tr valign=\"top\">\n<td colspan=\"3\" bgcolor=\"#eaeaea\"><strong>Maj<\/strong><\/td>\n<\/tr>\n<tr valign=\"top\">\n<td>1\/5<\/td>\n<td>SVKG &#8221;V\u00e5rrally&#8221;<\/td>\n<td><a href=\"http:\/\/www.clubcorvette.se\/distrikt\/vast\/kalender_vast.html#muffen\">L\u00e4s mer h\u00e4r&#8230;<\/a><\/td>\n<\/tr>\n<tr valign=\"top\">\n<td>6\/5<\/td>\n<td>SVKG Bank\u00f6rning Rudskogen &#8211; Norge<\/td>\n<td><a href=\"http:\/\/www.clubcorvette.se\/distrikt\/vast\/kalender_vast.html#svkg\">L\u00e4s mer h\u00e4r&#8230;<\/a><\/td>\n<\/tr>\n<tr valign=\"top\">\n<td>9-10\/5<\/td>\n<td>V\u00e5rcruising V\u00e4st. ( Inbjudan kommer inom kort.)<\/td>\n<td><a href=\"http:\/\/www.clubcorvette.se\/distrikt\/vast\/kalender_vast.html#vcruising\">L\u00e4s mer h\u00e4r&#8230;<\/a><\/td>\n<\/tr>\n<tr valign=\"top\">\n<td>14-15\/5<\/td>\n<td>SVKG Racingskola med Bankalas, Kinnekulle<\/td>\n<td><a href=\"http:\/\/www.clubcorvette.se\/distrikt\/vast\/kalender_vast.html#svkg\">L\u00e4s mer h\u00e4r&#8230;<\/a><\/td>\n<\/tr>\n<tr valign=\"top\">\n<td>23\/5<\/td>\n<td>En dag p\u00e5 Ljungbyhed tillsammans med distrikt Syd<\/td>\n<td><a href=\"http:\/\/www.clubcorvette.se\/distrikt\/syd\/documents\/Inbjudanljungbyhed2015.pdf\" target=\"_blank\">L\u00e4s inbjudan h\u00e4r&#8230;<\/a><\/td>\n<\/tr>\n<tr valign=\"top\">\n<td colspan=\"3\" bgcolor=\"#eaeaea\"><strong>Juni<\/strong><\/td>\n<\/tr>\n<tr valign=\"top\">\n<td>11-14\/6<\/td>\n<td>Sommarm\u00f6te p\u00e5 \u00d6land<\/td>\n<td><\/td>\n<\/tr>\n<tr valign=\"top\">\n<td colspan=\"3\" bgcolor=\"#eaeaea\"><strong>Juli<\/strong><\/td>\n<\/tr>\n<tr valign=\"top\">\n<td><\/td>\n<td><\/td>\n<td><\/td>\n<\/tr>\n<tr valign=\"top\">\n<td colspan=\"3\" bgcolor=\"#eaeaea\"><strong>Augusti<\/strong><\/td>\n<\/tr>\n<tr valign=\"top\">\n<td>?\/8<\/td>\n<td>CCSR Klubbm\u00e4sterskap p\u00e5 Mantorp<\/td>\n<td><\/td>\n<\/tr>\n<tr valign=\"top\">\n<td>28-30\/8<\/td>\n<td>Skandinavisk Corvette Tr\u00e4ff i Aalborg, Danmark<\/td>\n<td><\/td>\n<\/tr>\n<tr valign=\"top\">\n<td colspan=\"3\" bgcolor=\"#eaeaea\"><strong>September<\/strong><\/td>\n<\/tr>\n<tr valign=\"top\">\n<td>24\/9<\/td>\n<td>SVKG Bank\u00f6rning Falkenberg Motorbana<\/td>\n<td>L\u00e4s mer h\u00e4r&#8230;<\/td>\n<\/tr>\n<tr valign=\"top\">\n<td colspan=\"3\" bgcolor=\"#eaeaea\"><strong>Oktober<\/strong><\/td>\n<\/tr>\n<tr valign=\"top\">\n<td><\/td>\n<td><\/td>\n<td><\/td>\n<\/tr>\n<tr valign=\"top\">\n<td colspan=\"3\" bgcolor=\"#eaeaea\"><strong>November<\/strong><\/td>\n<\/tr>\n<tr valign=\"top\">\n<td><\/td>\n<td><\/td>\n<td><\/td>\n<\/tr>\n<tr valign=\"top\">\n<td colspan=\"3\" bgcolor=\"#eaeaea\"><strong>December<\/strong><\/td>\n<\/tr>\n<\/tbody>\n<\/table>\n<\/div>\n","protected":false},"excerpt":{"rendered":"<p>CONTENTS<\/p>\n","protected":false},"author":1,"featured_media":0,"parent":0,"menu_order":0,"comment_status":"open","ping_status":"closed","template":"","meta":{"_acf_changed":false,"footnotes":""},"class_list":["post-3","page","type-page","status-publish","hentry"],"acf":[],"_links":{"self":[{"href":"https:\/\/clubcorvette.se\/vast\/wp-json\/wp\/v2\/pages\/3","targetHints":{"allow":["GET"]}}],"collection":[{"href":"https:\/\/clubcorvette.se\/vast\/wp-json\/wp\/v2\/pages"}],"about":[{"href":"https:\/\/clubcorvette.se\/vast\/wp-json\/wp\/v2\/types\/page"}],"author":[{"embeddable":true,"href":"https:\/\/clubcorvette.se\/vast\/wp-json\/wp\/v2\/users\/1"}],"replies":[{"embeddable":true,"href":"https:\/\/clubcorvette.se\/vast\/wp-json\/wp\/v2\/comments?post=3"}],"version-history":[{"count":3,"href":"https:\/\/clubcorvette.se\/vast\/wp-json\/wp\/v2\/pages\/3\/revisions"}],"predecessor-version":[{"id":98,"href":"https:\/\/clubcorvette.se\/vast\/wp-json\/wp\/v2\/pages\/3\/revisions\/98"}],"wp:attachment":[{"href":"https:\/\/clubcorvette.se\/vast\/wp-json\/wp\/v2\/media?parent=3"}],"curies":[{"name":"wp","href":"https:\/\/api.w.org\/{rel}","templated":true}]}}