{"id":10,"date":"2014-12-04T21:03:24","date_gmt":"2014-12-04T20:03:24","guid":{"rendered":"http:\/\/clubcorvette.se\/syd\/ovrigt\/"},"modified":"2025-10-19T15:22:38","modified_gmt":"2025-10-19T13:22:38","slug":"information","status":"publish","type":"page","link":"https:\/\/clubcorvette.se\/syd\/information\/","title":{"rendered":"Information"},"content":{"rendered":"<h3><\/h3>\n<h3><strong>V\u00e4lkommen till Distrikt Syd!<\/strong><\/h3>\n<p><span style=\"font-weight: 400\">Vi vill g\u00f6ra ditt medlemskap i Club Corvette Sweden s\u00e5 givande som m\u00f6jligt. Vi tycker den sociala samvaron \u00e4r viktig och det \u00e4r fantastiskt att tr\u00e4ffas med v\u00e5ra fina Corvetter och f\u00e5 nya v\u00e4nner med samma intresse. Vi f\u00f6rs\u00f6ker planera v\u00e5ra aktiviteter f\u00f6r alla smakriktningar med allt fr\u00e5n enkla kv\u00e4llstr\u00e4ffar till cruising, racing, studiebes\u00f6k, med mera.<\/span><\/p>\n<p><span style=\"font-weight: 400\">V\u00e5r kalender uppdateras kontinuerligt och 3-4 veckor f\u00f6re varje aktivitet finns detaljerad info. T\u00e4nk p\u00e5 att vi beh\u00f6ver din bindande anm\u00e4lan till en del aktiviteter beroende p\u00e5 att mat, kaffe, parkering eller liknande m\u00e5ste planeras.\u00a0<\/span><\/p>\n<ul>\n<li style=\"font-weight: 400\"><span style=\"font-weight: 400\">F\u00f6r att anm\u00e4la dig till aktiviteter m\u00e5ste du vara inloggad p\u00e5 Club Corvette Sweden.<\/span><\/li>\n<li style=\"font-weight: 400\"><span style=\"font-weight: 400\">Under respektive aktivitet anges hur eventuell betalning ska g\u00f6ras.<\/span><\/li>\n<li style=\"font-weight: 400\"><span style=\"font-weight: 400\">Bindande anm\u00e4lan kan beh\u00f6vas till vissa aktiviteter beroende p\u00e5 att mat, kaffe, parkering eller liknande m\u00e5ste planeras i f\u00f6rv\u00e4g.<\/span><\/li>\n<li style=\"font-weight: 400\"><span style=\"font-weight: 400\">Om du inte kan komma trots att du anm\u00e4lt dig m\u00e5ste du kontakta ansvarig kontaktperson och avboka.<\/span><\/li>\n<\/ul>\n<p><span style=\"font-weight: 400\">Titta i v\u00e5r <a href=\"https:\/\/clubcorvette.se\/syd\/kalender\/\"><strong>kalender<\/strong><\/a><\/span><span style=\"font-weight: 400\"> och l\u00e5t dig inspireras!<\/span><\/p>\n<p><span style=\"font-weight: 400\">Har du tips om en aktivitet? V\u00e4nd dig till n\u00e4rmaste <a href=\"https:\/\/clubcorvette.se\/syd\/kontakter\/\"><strong>kontaktperson <\/strong><\/a><\/span><span style=\"font-weight: 400\">inom v\u00e5rt distrikt och ber\u00e4tta mer om din id\u00e9. B\u00e5de kontaktpersoner och medlemmar kan vara ansvariga f\u00f6r en aktivitet.<\/span><\/p>\n<p>&nbsp;<\/p>\n<p><span style=\"font-weight: 400\">\u00a0V\u00e4lkomna!<\/span><\/p>\n<p><span style=\"font-weight: 400\">Gert Sternskog<\/span><\/p>\n<p>&nbsp;<\/p>\n<p>&nbsp;<\/p>\n<p>&nbsp;<\/p>\n<p>&nbsp;<\/p>\n<p>&nbsp;<\/p>\n","protected":false},"excerpt":{"rendered":"<p>V\u00e4lkommen till Distrikt Syd! Vi vill g\u00f6ra ditt medlemskap i Club Corvette Sweden s\u00e5 givande som m\u00f6jligt. Vi tycker den sociala samvaron \u00e4r viktig och det \u00e4r fantastiskt att tr\u00e4ffas med v\u00e5ra fina Corvetter och f\u00e5 nya v\u00e4nner med samma intresse. Vi f\u00f6rs\u00f6ker planera v\u00e5ra aktiviteter f\u00f6r alla smakriktningar med allt fr\u00e5n enkla kv\u00e4llstr\u00e4ffar till [&hellip;]<\/p>\n","protected":false},"author":1,"featured_media":0,"parent":0,"menu_order":5,"comment_status":"open","ping_status":"open","template":"","meta":{"_acf_changed":false,"footnotes":""},"class_list":["post-10","page","type-page","status-publish","hentry"],"acf":[],"_links":{"self":[{"href":"https:\/\/clubcorvette.se\/syd\/wp-json\/wp\/v2\/pages\/10","targetHints":{"allow":["GET"]}}],"collection":[{"href":"https:\/\/clubcorvette.se\/syd\/wp-json\/wp\/v2\/pages"}],"about":[{"href":"https:\/\/clubcorvette.se\/syd\/wp-json\/wp\/v2\/types\/page"}],"author":[{"embeddable":true,"href":"https:\/\/clubcorvette.se\/syd\/wp-json\/wp\/v2\/users\/1"}],"replies":[{"embeddable":true,"href":"https:\/\/clubcorvette.se\/syd\/wp-json\/wp\/v2\/comments?post=10"}],"version-history":[{"count":208,"href":"https:\/\/clubcorvette.se\/syd\/wp-json\/wp\/v2\/pages\/10\/revisions"}],"predecessor-version":[{"id":4083,"href":"https:\/\/clubcorvette.se\/syd\/wp-json\/wp\/v2\/pages\/10\/revisions\/4083"}],"wp:attachment":[{"href":"https:\/\/clubcorvette.se\/syd\/wp-json\/wp\/v2\/media?parent=10"}],"curies":[{"name":"wp","href":"https:\/\/api.w.org\/{rel}","templated":true}]}}