{"id":1702,"date":"2022-04-26T19:17:10","date_gmt":"2022-04-26T17:17:10","guid":{"rendered":"https:\/\/clubcorvette.se\/racing\/?page_id=1702"},"modified":"2022-04-29T09:12:18","modified_gmt":"2022-04-29T07:12:18","slug":"testsida-for-monztabanan-i-alvdalen-21-maj-2022","status":"publish","type":"page","link":"https:\/\/clubcorvette.se\/racing\/testsida-for-monztabanan-i-alvdalen-21-maj-2022\/","title":{"rendered":"Anm\u00e4lan f\u00f6r Monztabanan i \u00c4lvdalen 21 maj 2022"},"content":{"rendered":"\n","protected":false},"excerpt":{"rendered":"","protected":false},"author":29,"featured_media":0,"parent":0,"menu_order":0,"comment_status":"closed","ping_status":"closed","template":"template-standard-nosidebar.php","meta":{"_acf_changed":false,"footnotes":""},"class_list":["post-1702","page","type-page","status-publish","hentry"],"acf":[],"_links":{"self":[{"href":"https:\/\/clubcorvette.se\/racing\/wp-json\/wp\/v2\/pages\/1702","targetHints":{"allow":["GET"]}}],"collection":[{"href":"https:\/\/clubcorvette.se\/racing\/wp-json\/wp\/v2\/pages"}],"about":[{"href":"https:\/\/clubcorvette.se\/racing\/wp-json\/wp\/v2\/types\/page"}],"author":[{"embeddable":true,"href":"https:\/\/clubcorvette.se\/racing\/wp-json\/wp\/v2\/users\/29"}],"replies":[{"embeddable":true,"href":"https:\/\/clubcorvette.se\/racing\/wp-json\/wp\/v2\/comments?post=1702"}],"version-history":[{"count":4,"href":"https:\/\/clubcorvette.se\/racing\/wp-json\/wp\/v2\/pages\/1702\/revisions"}],"predecessor-version":[{"id":1778,"href":"https:\/\/clubcorvette.se\/racing\/wp-json\/wp\/v2\/pages\/1702\/revisions\/1778"}],"wp:attachment":[{"href":"https:\/\/clubcorvette.se\/racing\/wp-json\/wp\/v2\/media?parent=1702"}],"curies":[{"name":"wp","href":"https:\/\/api.w.org\/{rel}","templated":true}]}}