{"id":47,"date":"2015-01-05T14:08:46","date_gmt":"2015-01-05T14:08:46","guid":{"rendered":"http:\/\/clubcorvette.se\/prylshop\/?post_type=product&#038;p=47"},"modified":"2025-02-28T14:30:15","modified_gmt":"2025-02-28T12:30:15","slug":"necessar","status":"publish","type":"product","link":"https:\/\/clubcorvette.se\/prylshop\/produkt\/necessar\/","title":{"rendered":"Necess\u00e4r"},"content":{"rendered":"<p>\u2022 Kan st\u00e5 eller h\u00e4ngas upp med krok<br \/>\n\u2022 1 stor n\u00e4tficka p\u00e5 insidan<br \/>\n\u2022 4 sm\u00e5 n\u00e4tfickor p\u00e5 insidan<br \/>\n\u2022 B\u00e4rhandtag<br \/>\n\u2022 N\u00e4tficka med dragkedja under locket<br \/>\n\u2022 Dragkedjeficka under locket<br \/>\n\u2022 Kraftiga 2-v\u00e4gsblixtl\u00e5s<br \/>\nStorlek st\u00e4ngd &#8211; 23(b) x 8(d) x 20(h) cm<br \/>\nStorlek \u00f6ppnad &#8211; 23(b) x 8(d) x 42(h) cm<\/p>\n","protected":false},"excerpt":{"rendered":"<p>\u2022 Kan st\u00e5 eller h\u00e4ngas upp med krok<br \/>\n\u2022 1 stor n\u00e4tficka p\u00e5 insidan<br \/>\n\u2022 4 sm\u00e5 n\u00e4tfickor p\u00e5 insidan<\/p>\n","protected":false},"featured_media":48,"comment_status":"open","ping_status":"closed","template":"","meta":{"_acf_changed":false},"product_brand":[],"product_cat":[9,6],"product_tag":[],"class_list":{"0":"post-47","1":"product","2":"type-product","3":"status-publish","4":"has-post-thumbnail","6":"product_cat-alla","7":"product_cat-vaskor","8":"product_shipping_class-mellanstora-produkter","10":"first","11":"instock","12":"shipping-taxable","13":"purchasable","14":"product-type-simple"},"acf":[],"_links":{"self":[{"href":"https:\/\/clubcorvette.se\/prylshop\/wp-json\/wp\/v2\/product\/47","targetHints":{"allow":["GET"]}}],"collection":[{"href":"https:\/\/clubcorvette.se\/prylshop\/wp-json\/wp\/v2\/product"}],"about":[{"href":"https:\/\/clubcorvette.se\/prylshop\/wp-json\/wp\/v2\/types\/product"}],"replies":[{"embeddable":true,"href":"https:\/\/clubcorvette.se\/prylshop\/wp-json\/wp\/v2\/comments?post=47"}],"wp:featuredmedia":[{"embeddable":true,"href":"https:\/\/clubcorvette.se\/prylshop\/wp-json\/wp\/v2\/media\/48"}],"wp:attachment":[{"href":"https:\/\/clubcorvette.se\/prylshop\/wp-json\/wp\/v2\/media?parent=47"}],"wp:term":[{"taxonomy":"product_brand","embeddable":true,"href":"https:\/\/clubcorvette.se\/prylshop\/wp-json\/wp\/v2\/product_brand?post=47"},{"taxonomy":"product_cat","embeddable":true,"href":"https:\/\/clubcorvette.se\/prylshop\/wp-json\/wp\/v2\/product_cat?post=47"},{"taxonomy":"product_tag","embeddable":true,"href":"https:\/\/clubcorvette.se\/prylshop\/wp-json\/wp\/v2\/product_tag?post=47"}],"curies":[{"name":"wp","href":"https:\/\/api.w.org\/{rel}","templated":true}]}}