{"id":459,"date":"2015-01-14T13:22:41","date_gmt":"2015-01-14T11:22:41","guid":{"rendered":"http:\/\/clubcorvette.se\/prylshop\/?post_type=product&#038;p=459"},"modified":"2025-11-12T19:24:40","modified_gmt":"2025-11-12T17:24:40","slug":"mossa-ccs","status":"publish","type":"product","link":"https:\/\/clubcorvette.se\/prylshop\/produkt\/mossa-ccs\/","title":{"rendered":"M\u00f6ssa CCS"},"content":{"rendered":"<p>M\u00f6ssa med broderat klubbm\u00e4rke fram. Ett M\u00c5STE f\u00f6r att skydda huvudet s\u00e5v\u00e4l sommar som vinter.<br \/>\nF\u00e4rger: vit, svart, rosa.<\/p>\n","protected":false},"excerpt":{"rendered":"<p>M\u00f6ssa med broderat klubbm\u00e4rke fram.<\/p>\n","protected":false},"featured_media":3788,"comment_status":"open","ping_status":"closed","template":"","meta":{"_acf_changed":false},"product_brand":[],"product_cat":[9,7,35],"product_tag":[],"class_list":{"0":"post-459","1":"product","2":"type-product","3":"status-publish","4":"has-post-thumbnail","6":"product_cat-alla","7":"product_cat-klader","8":"product_cat-huvudbonad","9":"product_shipping_class-mellanstora-produkter","11":"first","12":"instock","13":"shipping-taxable","14":"purchasable","15":"product-type-variable"},"acf":[],"_links":{"self":[{"href":"https:\/\/clubcorvette.se\/prylshop\/wp-json\/wp\/v2\/product\/459","targetHints":{"allow":["GET"]}}],"collection":[{"href":"https:\/\/clubcorvette.se\/prylshop\/wp-json\/wp\/v2\/product"}],"about":[{"href":"https:\/\/clubcorvette.se\/prylshop\/wp-json\/wp\/v2\/types\/product"}],"replies":[{"embeddable":true,"href":"https:\/\/clubcorvette.se\/prylshop\/wp-json\/wp\/v2\/comments?post=459"}],"wp:featuredmedia":[{"embeddable":true,"href":"https:\/\/clubcorvette.se\/prylshop\/wp-json\/wp\/v2\/media\/3788"}],"wp:attachment":[{"href":"https:\/\/clubcorvette.se\/prylshop\/wp-json\/wp\/v2\/media?parent=459"}],"wp:term":[{"taxonomy":"product_brand","embeddable":true,"href":"https:\/\/clubcorvette.se\/prylshop\/wp-json\/wp\/v2\/product_brand?post=459"},{"taxonomy":"product_cat","embeddable":true,"href":"https:\/\/clubcorvette.se\/prylshop\/wp-json\/wp\/v2\/product_cat?post=459"},{"taxonomy":"product_tag","embeddable":true,"href":"https:\/\/clubcorvette.se\/prylshop\/wp-json\/wp\/v2\/product_tag?post=459"}],"curies":[{"name":"wp","href":"https:\/\/api.w.org\/{rel}","templated":true}]}}