{"id":3889,"date":"2026-04-16T12:04:22","date_gmt":"2026-04-16T10:04:22","guid":{"rendered":"https:\/\/clubcorvette.se\/prylshop\/?post_type=product&#038;p=3889"},"modified":"2026-04-16T12:04:23","modified_gmt":"2026-04-16T10:04:23","slug":"solglasogon","status":"publish","type":"product","link":"https:\/\/clubcorvette.se\/prylshop\/produkt\/solglasogon\/","title":{"rendered":"Solglas\u00f6gon"},"content":{"rendered":"<p>UV-skydd  UV400.<br \/>\nKlubbtryck p\u00e5 b\u00e5da sidorna.<\/p>\n","protected":false},"excerpt":{"rendered":"<p>Tuffa solglas\u00f6gon f\u00f6r s\u00e4ker k\u00f6rning i Corvetten<\/p>\n","protected":false},"featured_media":3879,"comment_status":"open","ping_status":"closed","template":"","meta":{"_acf_changed":false},"product_brand":[],"product_cat":[45,9,8],"product_tag":[],"class_list":{"0":"post-3889","1":"product","2":"type-product","3":"status-publish","4":"has-post-thumbnail","6":"product_cat-nyheter-2026","7":"product_cat-alla","8":"product_cat-ovrigt","9":"product_shipping_class-mellanstora-produkter","11":"first","12":"instock","13":"shipping-taxable","14":"purchasable","15":"product-type-variable"},"acf":[],"_links":{"self":[{"href":"https:\/\/clubcorvette.se\/prylshop\/wp-json\/wp\/v2\/product\/3889","targetHints":{"allow":["GET"]}}],"collection":[{"href":"https:\/\/clubcorvette.se\/prylshop\/wp-json\/wp\/v2\/product"}],"about":[{"href":"https:\/\/clubcorvette.se\/prylshop\/wp-json\/wp\/v2\/types\/product"}],"replies":[{"embeddable":true,"href":"https:\/\/clubcorvette.se\/prylshop\/wp-json\/wp\/v2\/comments?post=3889"}],"wp:featuredmedia":[{"embeddable":true,"href":"https:\/\/clubcorvette.se\/prylshop\/wp-json\/wp\/v2\/media\/3879"}],"wp:attachment":[{"href":"https:\/\/clubcorvette.se\/prylshop\/wp-json\/wp\/v2\/media?parent=3889"}],"wp:term":[{"taxonomy":"product_brand","embeddable":true,"href":"https:\/\/clubcorvette.se\/prylshop\/wp-json\/wp\/v2\/product_brand?post=3889"},{"taxonomy":"product_cat","embeddable":true,"href":"https:\/\/clubcorvette.se\/prylshop\/wp-json\/wp\/v2\/product_cat?post=3889"},{"taxonomy":"product_tag","embeddable":true,"href":"https:\/\/clubcorvette.se\/prylshop\/wp-json\/wp\/v2\/product_tag?post=3889"}],"curies":[{"name":"wp","href":"https:\/\/api.w.org\/{rel}","templated":true}]}}