{"id":3330,"date":"2024-01-25T11:47:56","date_gmt":"2024-01-25T09:47:56","guid":{"rendered":"https:\/\/clubcorvette.se\/prylshop\/?post_type=product&#038;p=3330"},"modified":"2024-01-25T12:02:50","modified_gmt":"2024-01-25T10:02:50","slug":"t-shirt-jubileums","status":"publish","type":"product","link":"https:\/\/clubcorvette.se\/prylshop\/produkt\/t-shirt-jubileums\/","title":{"rendered":"T-shirt Jubileums"},"content":{"rendered":"<p>F\u00e4rg: M\u00f6rk Navy \/ melerad navy p\u00e5 \u00e4rmarna.<\/p>\n","protected":false},"excerpt":{"rendered":"<p>Tv\u00e5f\u00e4rgad jubileums t-shirt med guldtryck p\u00e5 br\u00f6stet, unisex.<br \/>\nBegr\u00e4nsad upplaga.<\/p>\n","protected":false},"featured_media":3337,"comment_status":"open","ping_status":"closed","template":"","meta":{"_acf_changed":false},"product_brand":[],"product_cat":[9,7,36,37],"product_tag":[],"class_list":{"0":"post-3330","1":"product","2":"type-product","3":"status-publish","4":"has-post-thumbnail","6":"product_cat-alla","7":"product_cat-klader","8":"product_cat-for-honom","9":"product_cat-for-henne","10":"product_shipping_class-mellanstora-produkter","12":"first","13":"instock","14":"shipping-taxable","15":"purchasable","16":"product-type-variable"},"acf":[],"_links":{"self":[{"href":"https:\/\/clubcorvette.se\/prylshop\/wp-json\/wp\/v2\/product\/3330","targetHints":{"allow":["GET"]}}],"collection":[{"href":"https:\/\/clubcorvette.se\/prylshop\/wp-json\/wp\/v2\/product"}],"about":[{"href":"https:\/\/clubcorvette.se\/prylshop\/wp-json\/wp\/v2\/types\/product"}],"replies":[{"embeddable":true,"href":"https:\/\/clubcorvette.se\/prylshop\/wp-json\/wp\/v2\/comments?post=3330"}],"wp:featuredmedia":[{"embeddable":true,"href":"https:\/\/clubcorvette.se\/prylshop\/wp-json\/wp\/v2\/media\/3337"}],"wp:attachment":[{"href":"https:\/\/clubcorvette.se\/prylshop\/wp-json\/wp\/v2\/media?parent=3330"}],"wp:term":[{"taxonomy":"product_brand","embeddable":true,"href":"https:\/\/clubcorvette.se\/prylshop\/wp-json\/wp\/v2\/product_brand?post=3330"},{"taxonomy":"product_cat","embeddable":true,"href":"https:\/\/clubcorvette.se\/prylshop\/wp-json\/wp\/v2\/product_cat?post=3330"},{"taxonomy":"product_tag","embeddable":true,"href":"https:\/\/clubcorvette.se\/prylshop\/wp-json\/wp\/v2\/product_tag?post=3330"}],"curies":[{"name":"wp","href":"https:\/\/api.w.org\/{rel}","templated":true}]}}