{"id":3305,"date":"2024-01-20T15:37:55","date_gmt":"2024-01-20T13:37:55","guid":{"rendered":"https:\/\/clubcorvette.se\/prylshop\/?post_type=product&#038;p=3305"},"modified":"2024-01-25T11:49:23","modified_gmt":"2024-01-25T09:49:23","slug":"funktion-t-shirt","status":"publish","type":"product","link":"https:\/\/clubcorvette.se\/prylshop\/produkt\/funktion-t-shirt\/","title":{"rendered":"T-shirt Funktions"},"content":{"rendered":"<p>Material 100% polyester.<\/p>\n","protected":false},"excerpt":{"rendered":"<p>En snygg och sk\u00f6n t-shirt f\u00f6r varma dagar eller f\u00f6r tr\u00e4ning.<br \/>\nDammodell i Vit\/Rosa.<br \/>\nHerrmodell i Svart\/Gr\u00e5.<\/p>\n","protected":false},"featured_media":3303,"comment_status":"open","ping_status":"closed","template":"","meta":{"_acf_changed":false},"product_brand":[],"product_cat":[9,7,36,37],"product_tag":[],"class_list":{"0":"post-3305","1":"product","2":"type-product","3":"status-publish","4":"has-post-thumbnail","6":"product_cat-alla","7":"product_cat-klader","8":"product_cat-for-honom","9":"product_cat-for-henne","10":"product_shipping_class-mellanstora-produkter","12":"first","13":"instock","14":"shipping-taxable","15":"purchasable","16":"product-type-variable"},"acf":[],"_links":{"self":[{"href":"https:\/\/clubcorvette.se\/prylshop\/wp-json\/wp\/v2\/product\/3305","targetHints":{"allow":["GET"]}}],"collection":[{"href":"https:\/\/clubcorvette.se\/prylshop\/wp-json\/wp\/v2\/product"}],"about":[{"href":"https:\/\/clubcorvette.se\/prylshop\/wp-json\/wp\/v2\/types\/product"}],"replies":[{"embeddable":true,"href":"https:\/\/clubcorvette.se\/prylshop\/wp-json\/wp\/v2\/comments?post=3305"}],"wp:featuredmedia":[{"embeddable":true,"href":"https:\/\/clubcorvette.se\/prylshop\/wp-json\/wp\/v2\/media\/3303"}],"wp:attachment":[{"href":"https:\/\/clubcorvette.se\/prylshop\/wp-json\/wp\/v2\/media?parent=3305"}],"wp:term":[{"taxonomy":"product_brand","embeddable":true,"href":"https:\/\/clubcorvette.se\/prylshop\/wp-json\/wp\/v2\/product_brand?post=3305"},{"taxonomy":"product_cat","embeddable":true,"href":"https:\/\/clubcorvette.se\/prylshop\/wp-json\/wp\/v2\/product_cat?post=3305"},{"taxonomy":"product_tag","embeddable":true,"href":"https:\/\/clubcorvette.se\/prylshop\/wp-json\/wp\/v2\/product_tag?post=3305"}],"curies":[{"name":"wp","href":"https:\/\/api.w.org\/{rel}","templated":true}]}}