{"id":2397,"date":"2020-09-26T16:09:05","date_gmt":"2020-09-26T14:09:05","guid":{"rendered":"http:\/\/clubcorvette.se\/prylshop\/?post_type=product&#038;p=2397"},"modified":"2025-09-12T13:44:58","modified_gmt":"2025-09-12T11:44:58","slug":"svart-keps","status":"publish","type":"product","link":"https:\/\/clubcorvette.se\/prylshop\/produkt\/svart-keps\/","title":{"rendered":"Keps svart"},"content":{"rendered":"","protected":false},"excerpt":{"rendered":"<p>Svart keps med gul eller r\u00f6d sk\u00e4rmkant. Metallsp\u00e4nne d\u00e4r bak och brodyr fram.<\/p>\n","protected":false},"featured_media":2396,"comment_status":"open","ping_status":"closed","template":"","meta":{"_acf_changed":false},"product_brand":[],"product_cat":[9,7,35],"product_tag":[],"class_list":{"0":"post-2397","1":"product","2":"type-product","3":"status-publish","4":"has-post-thumbnail","6":"product_cat-alla","7":"product_cat-klader","8":"product_cat-huvudbonad","9":"product_shipping_class-mellanstora-produkter","11":"first","12":"instock","13":"shipping-taxable","14":"purchasable","15":"product-type-variable"},"acf":[],"_links":{"self":[{"href":"https:\/\/clubcorvette.se\/prylshop\/wp-json\/wp\/v2\/product\/2397","targetHints":{"allow":["GET"]}}],"collection":[{"href":"https:\/\/clubcorvette.se\/prylshop\/wp-json\/wp\/v2\/product"}],"about":[{"href":"https:\/\/clubcorvette.se\/prylshop\/wp-json\/wp\/v2\/types\/product"}],"replies":[{"embeddable":true,"href":"https:\/\/clubcorvette.se\/prylshop\/wp-json\/wp\/v2\/comments?post=2397"}],"wp:featuredmedia":[{"embeddable":true,"href":"https:\/\/clubcorvette.se\/prylshop\/wp-json\/wp\/v2\/media\/2396"}],"wp:attachment":[{"href":"https:\/\/clubcorvette.se\/prylshop\/wp-json\/wp\/v2\/media?parent=2397"}],"wp:term":[{"taxonomy":"product_brand","embeddable":true,"href":"https:\/\/clubcorvette.se\/prylshop\/wp-json\/wp\/v2\/product_brand?post=2397"},{"taxonomy":"product_cat","embeddable":true,"href":"https:\/\/clubcorvette.se\/prylshop\/wp-json\/wp\/v2\/product_cat?post=2397"},{"taxonomy":"product_tag","embeddable":true,"href":"https:\/\/clubcorvette.se\/prylshop\/wp-json\/wp\/v2\/product_tag?post=2397"}],"curies":[{"name":"wp","href":"https:\/\/api.w.org\/{rel}","templated":true}]}}