{"id":154,"date":"2015-01-11T13:31:47","date_gmt":"2015-01-11T11:31:47","guid":{"rendered":"http:\/\/clubcorvette.se\/prylshop\/?post_type=product&#038;p=154"},"modified":"2025-01-17T11:29:50","modified_gmt":"2025-01-17T09:29:50","slug":"dampike","status":"publish","type":"product","link":"https:\/\/clubcorvette.se\/prylshop\/produkt\/dampike\/","title":{"rendered":"Dampik\u00e9"},"content":{"rendered":"<p><b>Dampik\u00e9<\/b><br \/>\nPik\u00e9 med figursydd passform. 100% bomull. Klubbrodyr v\u00e4nster br\u00f6st.<br \/>\nF\u00e4rg: Svart , vit, ceris.<br \/>\nStorlekar S-XL<\/p>\n","protected":false},"excerpt":{"rendered":"<p>Dampik\u00e9 i figursydd passform. 100% bomull. Klubbrodyr v\u00e4nster br\u00f6st.<\/p>\n","protected":false},"featured_media":1307,"comment_status":"open","ping_status":"closed","template":"","meta":{"_acf_changed":false},"product_brand":[],"product_cat":[9,7,37],"product_tag":[],"class_list":{"0":"post-154","1":"product","2":"type-product","3":"status-publish","4":"has-post-thumbnail","6":"product_cat-alla","7":"product_cat-klader","8":"product_cat-for-henne","9":"product_shipping_class-mellanstora-produkter","11":"first","12":"instock","13":"shipping-taxable","14":"purchasable","15":"product-type-variable"},"acf":[],"_links":{"self":[{"href":"https:\/\/clubcorvette.se\/prylshop\/wp-json\/wp\/v2\/product\/154","targetHints":{"allow":["GET"]}}],"collection":[{"href":"https:\/\/clubcorvette.se\/prylshop\/wp-json\/wp\/v2\/product"}],"about":[{"href":"https:\/\/clubcorvette.se\/prylshop\/wp-json\/wp\/v2\/types\/product"}],"replies":[{"embeddable":true,"href":"https:\/\/clubcorvette.se\/prylshop\/wp-json\/wp\/v2\/comments?post=154"}],"wp:featuredmedia":[{"embeddable":true,"href":"https:\/\/clubcorvette.se\/prylshop\/wp-json\/wp\/v2\/media\/1307"}],"wp:attachment":[{"href":"https:\/\/clubcorvette.se\/prylshop\/wp-json\/wp\/v2\/media?parent=154"}],"wp:term":[{"taxonomy":"product_brand","embeddable":true,"href":"https:\/\/clubcorvette.se\/prylshop\/wp-json\/wp\/v2\/product_brand?post=154"},{"taxonomy":"product_cat","embeddable":true,"href":"https:\/\/clubcorvette.se\/prylshop\/wp-json\/wp\/v2\/product_cat?post=154"},{"taxonomy":"product_tag","embeddable":true,"href":"https:\/\/clubcorvette.se\/prylshop\/wp-json\/wp\/v2\/product_tag?post=154"}],"curies":[{"name":"wp","href":"https:\/\/api.w.org\/{rel}","templated":true}]}}