{"id":1348,"date":"2017-01-29T13:41:35","date_gmt":"2017-01-29T11:41:35","guid":{"rendered":"http:\/\/clubcorvette.se\/prylshop\/?post_type=product&#038;p=1348"},"modified":"2025-12-02T09:23:24","modified_gmt":"2025-12-02T07:23:24","slug":"dam-hood-armlos","status":"publish","type":"product","link":"https:\/\/clubcorvette.se\/prylshop\/produkt\/dam-hood-armlos\/","title":{"rendered":"Dam-hood (\u00e4rml\u00f6s)"},"content":{"rendered":"<p>\u00c4rml\u00f6s dam hood med YKK dragkedja. Dubbelt tyg i huva. K\u00e4ngurufickor. H\u00f6ger sidoficka har liten dold \u00f6ppning f\u00f6r h\u00f6rlurssladden. Ribbad kant p\u00e5 huvudfickan.<\/p>\n<p>80% Ringspun cotton, 20% Polyester.<br \/>\nVikt: 280 gr<br \/>\nFinns i f\u00e4rgerna Burgundy, svart, lila<br \/>\nStorlekar S-XL<\/p>\n","protected":false},"excerpt":{"rendered":"<p>\u00c4rml\u00f6s dam hood med YKK dragkedja. Dubbelt tyg i huva. K\u00e4ngurufickor. H\u00f6ger sidoficka har liten dold \u00f6ppning f\u00f6r h\u00f6rlurssladden. Ribbad kant p\u00e5 huvudfickan. 80% Ringspun cotton, 20% Polyester. Vikt: 280 gr Finns i f\u00e4rgerna Burgundy, svart, lila Storlekar S-XL<\/p>\n","protected":false},"featured_media":1335,"comment_status":"open","ping_status":"closed","template":"","meta":{"_acf_changed":false},"product_brand":[],"product_cat":[41,9,7,37],"product_tag":[],"class_list":{"0":"post-1348","1":"product","2":"type-product","3":"status-publish","4":"has-post-thumbnail","6":"product_cat-rea-utforsaljning","7":"product_cat-alla","8":"product_cat-klader","9":"product_cat-for-henne","10":"product_shipping_class-mellanstora-produkter","12":"first","13":"instock","14":"sale","15":"shipping-taxable","16":"purchasable","17":"product-type-variable"},"acf":[],"_links":{"self":[{"href":"https:\/\/clubcorvette.se\/prylshop\/wp-json\/wp\/v2\/product\/1348","targetHints":{"allow":["GET"]}}],"collection":[{"href":"https:\/\/clubcorvette.se\/prylshop\/wp-json\/wp\/v2\/product"}],"about":[{"href":"https:\/\/clubcorvette.se\/prylshop\/wp-json\/wp\/v2\/types\/product"}],"replies":[{"embeddable":true,"href":"https:\/\/clubcorvette.se\/prylshop\/wp-json\/wp\/v2\/comments?post=1348"}],"wp:featuredmedia":[{"embeddable":true,"href":"https:\/\/clubcorvette.se\/prylshop\/wp-json\/wp\/v2\/media\/1335"}],"wp:attachment":[{"href":"https:\/\/clubcorvette.se\/prylshop\/wp-json\/wp\/v2\/media?parent=1348"}],"wp:term":[{"taxonomy":"product_brand","embeddable":true,"href":"https:\/\/clubcorvette.se\/prylshop\/wp-json\/wp\/v2\/product_brand?post=1348"},{"taxonomy":"product_cat","embeddable":true,"href":"https:\/\/clubcorvette.se\/prylshop\/wp-json\/wp\/v2\/product_cat?post=1348"},{"taxonomy":"product_tag","embeddable":true,"href":"https:\/\/clubcorvette.se\/prylshop\/wp-json\/wp\/v2\/product_tag?post=1348"}],"curies":[{"name":"wp","href":"https:\/\/api.w.org\/{rel}","templated":true}]}}