{"id":131,"date":"2015-01-11T13:06:52","date_gmt":"2015-01-11T11:06:52","guid":{"rendered":"http:\/\/clubcorvette.se\/prylshop\/?post_type=product&#038;p=131"},"modified":"2025-09-12T13:47:30","modified_gmt":"2025-09-12T11:47:30","slug":"pike","status":"publish","type":"product","link":"https:\/\/clubcorvette.se\/prylshop\/produkt\/pike\/","title":{"rendered":"Herrpik\u00e9"},"content":{"rendered":"<p>Herrpik\u00e9 i kammad bomull med dekorativt nackband, slits i sidan och halvm\u00e5nes\u00f6m i nacken. Knappsl\u00e5n har en fiskbensm\u00f6nstrad insida i avvikande f\u00e4rg. Dubbelsidig krage med avvikande f\u00e4rg p\u00e5 baksidan.<br \/>\nMaterial: 100% bomull.<br \/>\nVikt: 220 g\/m\u00b2<br \/>\nTv\u00e4ttr\u00e5d: 40\u00b0<br \/>\nStorlekar: XS\u2013S\u2013M\u2013L\u2013XL\u2013XXL.<\/p>\n","protected":false},"excerpt":{"rendered":"<p>Pik\u00e9 i kammad bomull med dekorativt nackband, slits i sidan och halvm\u00e5nes\u00f6m i nacken.<\/p>\n","protected":false},"featured_media":133,"comment_status":"open","ping_status":"closed","template":"","meta":{"_acf_changed":false},"product_brand":[],"product_cat":[9,7,36],"product_tag":[],"class_list":{"0":"post-131","1":"product","2":"type-product","3":"status-publish","4":"has-post-thumbnail","6":"product_cat-alla","7":"product_cat-klader","8":"product_cat-for-honom","9":"product_shipping_class-mellanstora-produkter","11":"first","12":"instock","13":"shipping-taxable","14":"purchasable","15":"product-type-variable"},"acf":[],"_links":{"self":[{"href":"https:\/\/clubcorvette.se\/prylshop\/wp-json\/wp\/v2\/product\/131","targetHints":{"allow":["GET"]}}],"collection":[{"href":"https:\/\/clubcorvette.se\/prylshop\/wp-json\/wp\/v2\/product"}],"about":[{"href":"https:\/\/clubcorvette.se\/prylshop\/wp-json\/wp\/v2\/types\/product"}],"replies":[{"embeddable":true,"href":"https:\/\/clubcorvette.se\/prylshop\/wp-json\/wp\/v2\/comments?post=131"}],"wp:featuredmedia":[{"embeddable":true,"href":"https:\/\/clubcorvette.se\/prylshop\/wp-json\/wp\/v2\/media\/133"}],"wp:attachment":[{"href":"https:\/\/clubcorvette.se\/prylshop\/wp-json\/wp\/v2\/media?parent=131"}],"wp:term":[{"taxonomy":"product_brand","embeddable":true,"href":"https:\/\/clubcorvette.se\/prylshop\/wp-json\/wp\/v2\/product_brand?post=131"},{"taxonomy":"product_cat","embeddable":true,"href":"https:\/\/clubcorvette.se\/prylshop\/wp-json\/wp\/v2\/product_cat?post=131"},{"taxonomy":"product_tag","embeddable":true,"href":"https:\/\/clubcorvette.se\/prylshop\/wp-json\/wp\/v2\/product_tag?post=131"}],"curies":[{"name":"wp","href":"https:\/\/api.w.org\/{rel}","templated":true}]}}