{"id":1267,"date":"2016-12-04T16:55:27","date_gmt":"2016-12-04T14:55:27","guid":{"rendered":"http:\/\/clubcorvette.se\/prylshop\/?post_type=product&#038;p=1267"},"modified":"2022-10-26T15:26:52","modified_gmt":"2022-10-26T13:26:52","slug":"softshell-jacka-dam","status":"publish","type":"product","link":"https:\/\/clubcorvette.se\/prylshop\/produkt\/softshell-jacka-dam\/","title":{"rendered":"Softshell jacka, dam"},"content":{"rendered":"<p>Softshell jacka i dammodell med klubbrodyr p\u00e5 v\u00e4nster br\u00f6st. Vattenavvisande och snabbtorkande material. En \u201dn\u00e4stan\u201d \u00e5retruntjacka.<\/p>\n<p>Storlekar: 36, 38, 40, 42, 44, 46<br \/>\nF\u00e4rg svart<\/p>\n","protected":false},"excerpt":{"rendered":"<p>Softshell jacka i dammodell med klubbrodyr p\u00e5 v\u00e4nster br\u00f6st. Vattenavvisande och snabbtorkande material. En \u201dn\u00e4stan\u201d \u00e5retruntjacka. Storlekar: 36, 38, 40, 42, 44, 46 F\u00e4rg svart<\/p>\n","protected":false},"featured_media":1256,"comment_status":"open","ping_status":"closed","template":"","meta":{"_acf_changed":false},"product_brand":[],"product_cat":[9,7,37],"product_tag":[],"class_list":{"0":"post-1267","1":"product","2":"type-product","3":"status-publish","4":"has-post-thumbnail","6":"product_cat-alla","7":"product_cat-klader","8":"product_cat-for-henne","9":"product_shipping_class-mellanstora-produkter","11":"first","12":"instock","13":"shipping-taxable","14":"purchasable","15":"product-type-variable"},"acf":[],"_links":{"self":[{"href":"https:\/\/clubcorvette.se\/prylshop\/wp-json\/wp\/v2\/product\/1267","targetHints":{"allow":["GET"]}}],"collection":[{"href":"https:\/\/clubcorvette.se\/prylshop\/wp-json\/wp\/v2\/product"}],"about":[{"href":"https:\/\/clubcorvette.se\/prylshop\/wp-json\/wp\/v2\/types\/product"}],"replies":[{"embeddable":true,"href":"https:\/\/clubcorvette.se\/prylshop\/wp-json\/wp\/v2\/comments?post=1267"}],"wp:featuredmedia":[{"embeddable":true,"href":"https:\/\/clubcorvette.se\/prylshop\/wp-json\/wp\/v2\/media\/1256"}],"wp:attachment":[{"href":"https:\/\/clubcorvette.se\/prylshop\/wp-json\/wp\/v2\/media?parent=1267"}],"wp:term":[{"taxonomy":"product_brand","embeddable":true,"href":"https:\/\/clubcorvette.se\/prylshop\/wp-json\/wp\/v2\/product_brand?post=1267"},{"taxonomy":"product_cat","embeddable":true,"href":"https:\/\/clubcorvette.se\/prylshop\/wp-json\/wp\/v2\/product_cat?post=1267"},{"taxonomy":"product_tag","embeddable":true,"href":"https:\/\/clubcorvette.se\/prylshop\/wp-json\/wp\/v2\/product_tag?post=1267"}],"curies":[{"name":"wp","href":"https:\/\/api.w.org\/{rel}","templated":true}]}}