{"id":1210,"date":"2016-11-04T16:37:38","date_gmt":"2016-11-04T14:37:38","guid":{"rendered":"http:\/\/clubcorvette.se\/prylshop\/?post_type=product&#038;p=1210"},"modified":"2026-04-21T11:01:21","modified_gmt":"2026-04-21T09:01:21","slug":"kylvaska","status":"publish","type":"product","link":"https:\/\/clubcorvette.se\/prylshop\/produkt\/kylvaska\/","title":{"rendered":"Kylv\u00e4ska"},"content":{"rendered":"<p>Black Hill\u2019s senaste kylv\u00e4ska som passar lika bra till utflykten som till lunchl\u00e5dan.<br \/>\n\u2022 Rymligt fack med plats f\u00f6r t.ex. 1st 50cl 6-pack<br \/>\n\u2022 Dragkedje\u00f6ppning i locket f\u00f6r m\u00e4rkning innanf\u00f6r foder<br \/>\n\u2022 Justerbar b\u00e4rrem<br \/>\n\u2022 N\u00e4tficka under locket<br \/>\n\u2022 Starka 2-v\u00e4gsbilixtl\u00e5s st\u00f6rre.<\/p>\n<p>Material &#8211;\u00a0Ripstop med Anti Cold<br \/>\nStorlek &#8211;\u00a021(l)x15(b)x18(h) cm<br \/>\nVolym &#8211;\u00a0ca 6 liter<br \/>\nF\u00e4rg &#8211;\u00a0Svart<\/p>\n","protected":false},"excerpt":{"rendered":"<p>Black Hill\u2019s kylv\u00e4ska passar lika bra till utflykten som till lunchl\u00e5dan.<\/p>\n","protected":false},"featured_media":1208,"comment_status":"open","ping_status":"closed","template":"","meta":{"_acf_changed":false},"product_brand":[],"product_cat":[9,6],"product_tag":[],"class_list":{"0":"post-1210","1":"product","2":"type-product","3":"status-publish","4":"has-post-thumbnail","6":"product_cat-alla","7":"product_cat-vaskor","8":"product_shipping_class-mellanstora-produkter","10":"first","11":"instock","12":"shipping-taxable","13":"purchasable","14":"product-type-simple"},"acf":[],"_links":{"self":[{"href":"https:\/\/clubcorvette.se\/prylshop\/wp-json\/wp\/v2\/product\/1210","targetHints":{"allow":["GET"]}}],"collection":[{"href":"https:\/\/clubcorvette.se\/prylshop\/wp-json\/wp\/v2\/product"}],"about":[{"href":"https:\/\/clubcorvette.se\/prylshop\/wp-json\/wp\/v2\/types\/product"}],"replies":[{"embeddable":true,"href":"https:\/\/clubcorvette.se\/prylshop\/wp-json\/wp\/v2\/comments?post=1210"}],"wp:featuredmedia":[{"embeddable":true,"href":"https:\/\/clubcorvette.se\/prylshop\/wp-json\/wp\/v2\/media\/1208"}],"wp:attachment":[{"href":"https:\/\/clubcorvette.se\/prylshop\/wp-json\/wp\/v2\/media?parent=1210"}],"wp:term":[{"taxonomy":"product_brand","embeddable":true,"href":"https:\/\/clubcorvette.se\/prylshop\/wp-json\/wp\/v2\/product_brand?post=1210"},{"taxonomy":"product_cat","embeddable":true,"href":"https:\/\/clubcorvette.se\/prylshop\/wp-json\/wp\/v2\/product_cat?post=1210"},{"taxonomy":"product_tag","embeddable":true,"href":"https:\/\/clubcorvette.se\/prylshop\/wp-json\/wp\/v2\/product_tag?post=1210"}],"curies":[{"name":"wp","href":"https:\/\/api.w.org\/{rel}","templated":true}]}}