{"id":15,"date":"2014-12-05T22:13:26","date_gmt":"2014-12-05T21:13:26","guid":{"rendered":"http:\/\/clubcorvette.se\/ost\/prenumerera\/"},"modified":"2022-10-21T17:33:11","modified_gmt":"2022-10-21T15:33:11","slug":"prenumerera","status":"publish","type":"page","link":"https:\/\/clubcorvette.se\/ost\/prenumerera\/","title":{"rendered":"Prenumerera"},"content":{"rendered":"<p>Vi kommer inom en snar framtid att byta ut v\u00e5r nyhetsbrevtj\u00e4nst och kommer d\u00e5 \u00f6ppna upp f\u00f6r nya prenumeranter! H\u00e5ll utkik p\u00e5 f\u00f6rstasidan f\u00f6r mer information&#8230;<\/p>\n","protected":false},"excerpt":{"rendered":"<p>Vi kommer inom en snar framtid att byta ut v\u00e5r nyhetsbrevtj\u00e4nst och kommer d\u00e5 \u00f6ppna upp f\u00f6r nya prenumeranter! H\u00e5ll utkik p\u00e5 f\u00f6rstasidan f\u00f6r mer information&#8230;<\/p>\n","protected":false},"author":1,"featured_media":0,"parent":0,"menu_order":5,"comment_status":"open","ping_status":"open","template":"template-subscribe.php","meta":{"_acf_changed":false,"footnotes":""},"class_list":["post-15","page","type-page","status-publish","hentry"],"acf":[],"_links":{"self":[{"href":"https:\/\/clubcorvette.se\/ost\/wp-json\/wp\/v2\/pages\/15","targetHints":{"allow":["GET"]}}],"collection":[{"href":"https:\/\/clubcorvette.se\/ost\/wp-json\/wp\/v2\/pages"}],"about":[{"href":"https:\/\/clubcorvette.se\/ost\/wp-json\/wp\/v2\/types\/page"}],"author":[{"embeddable":true,"href":"https:\/\/clubcorvette.se\/ost\/wp-json\/wp\/v2\/users\/1"}],"replies":[{"embeddable":true,"href":"https:\/\/clubcorvette.se\/ost\/wp-json\/wp\/v2\/comments?post=15"}],"version-history":[{"count":3,"href":"https:\/\/clubcorvette.se\/ost\/wp-json\/wp\/v2\/pages\/15\/revisions"}],"predecessor-version":[{"id":2024,"href":"https:\/\/clubcorvette.se\/ost\/wp-json\/wp\/v2\/pages\/15\/revisions\/2024"}],"wp:attachment":[{"href":"https:\/\/clubcorvette.se\/ost\/wp-json\/wp\/v2\/media?parent=15"}],"curies":[{"name":"wp","href":"https:\/\/api.w.org\/{rel}","templated":true}]}}