{"id":13,"date":"2014-12-05T22:13:26","date_gmt":"2014-12-05T21:13:26","guid":{"rendered":"http:\/\/clubcorvette.se\/ost\/kontakter\/"},"modified":"2021-12-01T16:14:44","modified_gmt":"2021-12-01T15:14:44","slug":"kontakter","status":"publish","type":"page","link":"https:\/\/clubcorvette.se\/ost\/kontakter\/","title":{"rendered":"Kontakter"},"content":{"rendered":"<p>Nedan presenteras distriktets kontaktm\u00e4n. Du \u00e4r alltid v\u00e4lkommen att kontakta vem som helst av oss om du har n\u00e5gra fr\u00e5gor eller vill engagera dig aktivt i distriktet!<\/p>\n<p>&nbsp;<\/p>\n<p><strong>Distriktsansvariga<\/strong><\/p>\n<p><a href=\"https:\/\/clubcorvette.se\/ost\/wp-content\/uploads\/sites\/9\/2014\/12\/21.-Lina-och-Micke-tackar-alla-er-som-kom-och-h\u00e4lsar-er-v\u00e4lkomna-tillbaka.jpg\"><img loading=\"lazy\" decoding=\"async\" class=\"wp-image-277 alignleft\" src=\"https:\/\/clubcorvette.se\/ost\/wp-content\/uploads\/sites\/9\/2014\/12\/21.-Lina-och-Micke-tackar-alla-er-som-kom-och-h\u00e4lsar-er-v\u00e4lkomna-tillbaka-300x200.jpg\" alt=\"\" width=\"176\" height=\"117\" srcset=\"https:\/\/clubcorvette.se\/ost\/wp-content\/uploads\/sites\/9\/2014\/12\/21.-Lina-och-Micke-tackar-alla-er-som-kom-och-h\u00e4lsar-er-v\u00e4lkomna-tillbaka-300x200.jpg 300w, https:\/\/clubcorvette.se\/ost\/wp-content\/uploads\/sites\/9\/2014\/12\/21.-Lina-och-Micke-tackar-alla-er-som-kom-och-h\u00e4lsar-er-v\u00e4lkomna-tillbaka-120x80.jpg 120w, https:\/\/clubcorvette.se\/ost\/wp-content\/uploads\/sites\/9\/2014\/12\/21.-Lina-och-Micke-tackar-alla-er-som-kom-och-h\u00e4lsar-er-v\u00e4lkomna-tillbaka-600x400.jpg 600w, https:\/\/clubcorvette.se\/ost\/wp-content\/uploads\/sites\/9\/2014\/12\/21.-Lina-och-Micke-tackar-alla-er-som-kom-och-h\u00e4lsar-er-v\u00e4lkomna-tillbaka.jpg 800w\" sizes=\"auto, (max-width: 176px) 100vw, 176px\" \/><\/a><\/p>\n<p>&nbsp;<\/p>\n<p>&nbsp;<\/p>\n<p>&nbsp;<\/p>\n<p>&nbsp;<\/p>\n<p><strong>MickeLina\u00a0<\/strong><strong>Bingefors Wahlkvist<br \/>\n<\/strong>Bromma<br \/>\nMicke: 070-625 02 39<br \/>\nLina: 070-319 75\u00a032<br \/>\n<a href=\"&#109;a&#x69;l&#x74;o&#x3a;m&#x69;&#99;&#x6b;&#101;&#x6c;&#105;&#x6e;&#97;&#64;&#99;l&#x75;b&#x63;o&#x72;&#118;&#x65;&#116;&#x74;&#101;&#x2e;&#115;&#x65;\">&#x6d;&#x69;&#x63;&#107;&#101;li&#x6e;&#x61;&#x40;&#99;&#108;ub&#x63;&#x6f;&#x72;&#118;&#101;tt&#x65;&#x2e;&#x73;&#101;<\/a><\/p>\n<p>&nbsp;<\/p>\n<p><strong>\u00d6vriga kontaktpersoner<\/strong><\/p>\n<table class=\" alignleft\" style=\"height: 956px\" width=\"786\">\n<tbody>\n<tr>\n<td style=\"width: 275px;text-align: left;vertical-align: top\"><\/td>\n<td style=\"width: 275px;text-align: left;vertical-align: top\"><em><strong>Racing<br \/>\n<\/strong><\/em><a href=\"https:\/\/clubcorvette.se\/ost\/wp-content\/uploads\/sites\/9\/2015\/02\/lars.borgstrom_130x170.jpg\"><img loading=\"lazy\" decoding=\"async\" class=\"alignnone wp-image-273\" src=\"https:\/\/clubcorvette.se\/ost\/wp-content\/uploads\/sites\/9\/2015\/02\/lars.borgstrom_130x170.jpg\" alt=\"lars.borgstrom_130x170\" width=\"104\" height=\"134\" \/><\/a><strong><br \/>\nLars Borgstr\u00f6m<br \/>\n<\/strong><span style=\"font-family: inherit;font-size: inherit;line-height: 1.5\">Link\u00f6ping<br \/>\n<\/span>076-806 90 47<br \/>\n<a href=\"&#109;a&#x69;l&#x74;o&#x3a;&#108;&#x61;&#114;&#x73;&#46;b&#x40;c&#x6c;u&#x62;&#99;&#x6f;&#114;&#x76;&#101;&#x74;&#116;e&#x2e;s&#x65;\">&#108;&#x61;&#114;&#x73;&#46;&#x62;&#64;&#x63;&#108;&#x75;&#98;&#x63;&#111;&#x72;&#118;&#x65;&#116;&#x74;&#101;&#x2e;&#115;&#x65;<\/a><\/td>\n<td style=\"width: 275px;text-align: left;vertical-align: top\"><em><em><strong>Oldies<br \/>\n<\/strong><\/em><\/em><a href=\"https:\/\/clubcorvette.se\/ost\/wp-content\/uploads\/sites\/9\/2015\/02\/\u00c5TVID-...-20120703-Kopia.jpg\"><img loading=\"lazy\" decoding=\"async\" class=\"alignnone wp-image-265\" src=\"https:\/\/clubcorvette.se\/ost\/wp-content\/uploads\/sites\/9\/2015\/02\/\u00c5TVID-...-20120703-Kopia-265x300.jpg\" alt=\"\u00c5TVID ... 20120703 - Kopia\" width=\"120\" height=\"136\" srcset=\"https:\/\/clubcorvette.se\/ost\/wp-content\/uploads\/sites\/9\/2015\/02\/\u00c5TVID-...-20120703-Kopia-265x300.jpg 265w, https:\/\/clubcorvette.se\/ost\/wp-content\/uploads\/sites\/9\/2015\/02\/\u00c5TVID-...-20120703-Kopia.jpg 298w\" sizes=\"auto, (max-width: 120px) 100vw, 120px\" \/><\/a><br \/>\n<b><\/b><b>Anders \u00c5slund<\/b><br \/>\nLink\u00f6ping<br \/>\n070-8346682<br \/>\n<a href=\"m&#97;&#105;&#x6c;&#x74;&#x6f;&#x3a;a&#97;&#115;&#108;&#x75;&#x6e;&#x64;&#64;c&#108;&#117;&#x62;&#x63;&#x6f;rv&#101;&#116;&#x74;&#x65;&#x2e;se\">&#x61;&#x61;&#x73;&#x6c;&#x75;&#x6e;&#x64;&#x40;&#x63;&#x6c;&#x75;&#98;&#99;&#111;&#114;&#118;&#101;&#116;te&#46;se<\/a><\/td>\n<\/tr>\n<tr>\n<td style=\"width: 275px;text-align: left;vertical-align: top\"><em><em><strong>Kontakt<\/strong><\/em><\/em><\/p>\n<p><em><em><strong><br \/>\n<\/strong><\/em><\/em><a href=\"https:\/\/clubcorvette.se\/ost\/wp-content\/uploads\/sites\/9\/2014\/12\/Stefan-och-Kjerstin.jpg\"><img loading=\"lazy\" decoding=\"async\" class=\"alignnone wp-image-297\" src=\"https:\/\/clubcorvette.se\/ost\/wp-content\/uploads\/sites\/9\/2014\/12\/Stefan-och-Kjerstin-300x223.jpg\" alt=\"Stefan och Kjerstin\" width=\"184\" height=\"137\" srcset=\"https:\/\/clubcorvette.se\/ost\/wp-content\/uploads\/sites\/9\/2014\/12\/Stefan-och-Kjerstin-300x223.jpg 300w, https:\/\/clubcorvette.se\/ost\/wp-content\/uploads\/sites\/9\/2014\/12\/Stefan-och-Kjerstin.jpg 1024w, https:\/\/clubcorvette.se\/ost\/wp-content\/uploads\/sites\/9\/2014\/12\/Stefan-och-Kjerstin-860x640.jpg 860w\" sizes=\"auto, (max-width: 184px) 100vw, 184px\" \/><\/a><strong><br \/>\n<\/strong><strong>Stefan och Kjerstin<br \/>\nGustavsson<\/strong><br \/>\nMalmk\u00f6ping<br \/>\n070-845 06 20<br \/>\n<a href=\"m&#97;&#105;&#x6c;&#x74;o:&#115;&#116;&#x65;&#x66;an&#46;&#103;&#x40;&#x63;lu&#98;&#x63;&#x6f;&#x72;v&#101;&#116;&#x74;&#x65;&#x2e;s&#101;\">s&#116;&#101;&#102;&#x61;&#x6e;&#x2e;g&#64;&#99;&#108;&#x75;&#x62;&#x63;&#x6f;rv&#101;&#116;&#x74;&#x65;&#x2e;&#x73;e<\/a><\/td>\n<td style=\"width: 275px;text-align: left;vertical-align: top\"><strong><em>Redakt\u00f6r<\/em><\/strong><\/p>\n<p>&nbsp;<\/p>\n<p>&nbsp;<\/p>\n<p>&nbsp;<\/p>\n<p>&nbsp;<\/p>\n<p>&nbsp;<\/p>\n<p>&nbsp;<\/p>\n<p>&nbsp;<\/p>\n<p><strong>Erica Danielsson<\/strong><br \/>\nLink\u00f6ping<br \/>\n070-676 72 90<br \/>\n<a href=\"ma&#105;&#108;&#116;&#111;&#x3a;&#x67;&#x6f;&#x72;&#x61;n&#46;&#101;&#114;&#105;&#99;&#x61;&#x40;&#x63;&#x6c;&#x75;bc&#111;&#114;&#118;&#101;&#x74;&#x74;&#x65;&#x2e;&#x73;e\">&#x67;&#x6f;&#x72;&#x61;&#110;&#46;eri&#x63;&#x61;&#x40;&#x63;&#108;&#117;bco&#x72;&#x76;&#x65;&#x74;&#116;&#101;&#46;se<\/a><\/td>\n<td style=\"width: 275px;text-align: left;vertical-align: top\">\u00a0<em><strong>Kontakt<\/strong><\/em><\/p>\n<p><a href=\"https:\/\/clubcorvette.se\/ost\/wp-content\/uploads\/sites\/9\/2014\/12\/received_413321919637240-e1601925407843.jpeg\"><img loading=\"lazy\" decoding=\"async\" class=\"alignnone size-medium wp-image-1714\" src=\"https:\/\/clubcorvette.se\/ost\/wp-content\/uploads\/sites\/9\/2014\/12\/received_413321919637240-232x300.jpeg\" alt=\"received_413321919637240\" width=\"232\" height=\"300\" \/><\/a><\/p>\n<p><strong>Michael Fredriksson<\/strong><br \/>\nVikingstad<br \/>\n072-389 53 63<\/p>\n<p>&#x6d;&#105;&#99;&#x68;&#x61;&#101;&#108;&#x2e;&#x66;&#114;&#101;&#x64;&#x72;&#105;&#107;&#x73;&#x73;&#111;&#110;&#x40;&#x63;&#108;&#117;&#x62;&#x63;&#111;&#114;&#x76;&#x65;&#116;&#116;&#x65;&#x2e;&#115;&#101;<\/td>\n<\/tr>\n<\/tbody>\n<\/table>\n<p>&nbsp;<\/p>\n","protected":false},"excerpt":{"rendered":"<p>Nedan presenteras distriktets kontaktm\u00e4n. Du \u00e4r alltid v\u00e4lkommen att kontakta vem som helst av oss om du har n\u00e5gra fr\u00e5gor eller vill engagera dig aktivt i distriktet! &nbsp; Distriktsansvariga &nbsp; &nbsp; &nbsp; &nbsp; MickeLina\u00a0Bingefors Wahlkvist Bromma Micke: 070-625 02 39 Lina: 070-319 75\u00a032 &#x6d;&#105;&#99;k&#x65;&#x6c;&#105;n&#x61;&#x40;&#99;l&#x75;&#x62;&#99;o&#x72;&#x76;&#101;t&#x74;&#x65;&#46;s&#x65; &nbsp; \u00d6vriga kontaktpersoner Racing Lars Borgstr\u00f6m Link\u00f6ping 076-806 90 47 &#x6c;&#x61;&#x72;&#x73;&#x2e;&#x62;&#64;&#99;&#108;&#117;bcor&#x76;&#x65;&#x74;&#x74;&#x65;&#x2e;&#115;&#101; [&hellip;]<\/p>\n","protected":false},"author":1,"featured_media":0,"parent":0,"menu_order":3,"comment_status":"open","ping_status":"open","template":"","meta":{"_acf_changed":false,"footnotes":""},"class_list":["post-13","page","type-page","status-publish","hentry"],"acf":[],"_links":{"self":[{"href":"https:\/\/clubcorvette.se\/ost\/wp-json\/wp\/v2\/pages\/13","targetHints":{"allow":["GET"]}}],"collection":[{"href":"https:\/\/clubcorvette.se\/ost\/wp-json\/wp\/v2\/pages"}],"about":[{"href":"https:\/\/clubcorvette.se\/ost\/wp-json\/wp\/v2\/types\/page"}],"author":[{"embeddable":true,"href":"https:\/\/clubcorvette.se\/ost\/wp-json\/wp\/v2\/users\/1"}],"replies":[{"embeddable":true,"href":"https:\/\/clubcorvette.se\/ost\/wp-json\/wp\/v2\/comments?post=13"}],"version-history":[{"count":39,"href":"https:\/\/clubcorvette.se\/ost\/wp-json\/wp\/v2\/pages\/13\/revisions"}],"predecessor-version":[{"id":1864,"href":"https:\/\/clubcorvette.se\/ost\/wp-json\/wp\/v2\/pages\/13\/revisions\/1864"}],"wp:attachment":[{"href":"https:\/\/clubcorvette.se\/ost\/wp-json\/wp\/v2\/media?parent=13"}],"curies":[{"name":"wp","href":"https:\/\/api.w.org\/{rel}","templated":true}]}}