{"id":9,"date":"2014-12-04T21:03:42","date_gmt":"2014-12-04T20:03:42","guid":{"rendered":"http:\/\/clubcorvette.se\/nord\/kontakter\/"},"modified":"2024-03-24T21:14:45","modified_gmt":"2024-03-24T20:14:45","slug":"kontakter","status":"publish","type":"page","link":"https:\/\/clubcorvette.se\/nord\/kontakter\/","title":{"rendered":"Kontakter"},"content":{"rendered":"<p>&nbsp;<\/p>\n<h4><strong>Distriktsansvarig<\/strong><br \/>\nekonomi, kalender, hemsida, reportage CM<\/h4>\n<p><a href=\"https:\/\/clubcorvette.se\/nord\/wp-content\/uploads\/sites\/6\/2022\/07\/20220617_202003.jpg\"><img loading=\"lazy\" decoding=\"async\" class=\"alignnone size-medium wp-image-935\" src=\"https:\/\/clubcorvette.se\/nord\/wp-content\/uploads\/sites\/6\/2022\/07\/20220617_202003-300x225.jpg\" alt=\"\" width=\"300\" height=\"225\" srcset=\"https:\/\/clubcorvette.se\/nord\/wp-content\/uploads\/sites\/6\/2022\/07\/20220617_202003-300x225.jpg 300w, https:\/\/clubcorvette.se\/nord\/wp-content\/uploads\/sites\/6\/2022\/07\/20220617_202003-768x576.jpg 768w, https:\/\/clubcorvette.se\/nord\/wp-content\/uploads\/sites\/6\/2022\/07\/20220617_202003-853x640.jpg 853w, https:\/\/clubcorvette.se\/nord\/wp-content\/uploads\/sites\/6\/2022\/07\/20220617_202003.jpg 1024w\" sizes=\"auto, (max-width: 300px) 100vw, 300px\" \/><\/a><\/p>\n<p>Peter \/ Catarina \u00c5str\u00f6m<br \/>\nParkv\u00e4gen 19<br \/>\n97253 Lule\u00e5<br \/>\n070-637 43 40<\/p>\n<p><a href=\"m&#97;&#105;&#x6c;&#x74;o&#58;&#112;&#x65;&#x74;&#x65;r&#46;&#97;&#x73;&#x74;ro&#109;&#x40;&#x63;&#x6c;u&#98;&#99;&#x6f;&#x72;ve&#116;&#x74;&#x65;&#x2e;s&#101;\">&#x70;e&#x74;&#101;&#x72;&#x2e;a&#x73;&#116;&#x72;&#x6f;m&#x40;&#99;&#x6c;&#x75;b&#x63;&#111;&#x72;&#x76;e&#x74;&#116;&#x65;&#x2e;s&#x65;<\/a><\/p>\n<h4>CCS Oldiest<\/h4>\n<p><a href=\"&#x6d;a&#x69;&#108;t&#x6f;&#58;&#x70;&#101;t&#x65;&#114;&#x2e;&#97;s&#x74;&#114;&#x6f;&#x6d;&#64;&#x63;&#108;u&#x62;&#99;&#x6f;&#114;v&#x65;&#116;&#x74;&#101;&#46;&#x73;&#101;\"><br \/>\n<\/a><a href=\"https:\/\/clubcorvette.se\/nord\/wp-content\/uploads\/sites\/6\/2014\/12\/Barbro-Rosander.jpg\"><img loading=\"lazy\" decoding=\"async\" class=\"alignnone size-medium wp-image-827\" src=\"https:\/\/clubcorvette.se\/nord\/wp-content\/uploads\/sites\/6\/2014\/12\/Barbro-Rosander-225x300.jpg\" alt=\"barbro-rosander\" width=\"225\" height=\"300\" srcset=\"https:\/\/clubcorvette.se\/nord\/wp-content\/uploads\/sites\/6\/2014\/12\/Barbro-Rosander-225x300.jpg 225w, https:\/\/clubcorvette.se\/nord\/wp-content\/uploads\/sites\/6\/2014\/12\/Barbro-Rosander-480x640.jpg 480w, https:\/\/clubcorvette.se\/nord\/wp-content\/uploads\/sites\/6\/2014\/12\/Barbro-Rosander.jpg 576w\" sizes=\"auto, (max-width: 225px) 100vw, 225px\" \/><\/a><\/p>\n<p><strong>Nord (norr- och v\u00e4sterbotten)<br \/>\n<\/strong>Barbro Rosander<br \/>\nLule\u00e5<br \/>\n070-130 36 00<br \/>\n&#x62;&#x61;&#x72;&#98;&#114;o&#46;&#x72;&#x6f;&#x73;&#x61;&#110;&#100;er&#x40;&#x63;&#x6c;&#117;&#98;&#99;or&#x76;&#x65;&#x74;&#116;&#101;&#46;s&#x65;<\/p>\n<p><strong>Kontaktombud artiklar mm<\/strong><\/p>\n<p><a href=\"https:\/\/clubcorvette.se\/nord\/wp-content\/uploads\/sites\/6\/2022\/09\/patrik.jpg\"><img loading=\"lazy\" decoding=\"async\" class=\"alignnone size-medium wp-image-981\" src=\"https:\/\/clubcorvette.se\/nord\/wp-content\/uploads\/sites\/6\/2022\/09\/patrik-300x225.jpg\" alt=\"\" width=\"300\" height=\"225\" srcset=\"https:\/\/clubcorvette.se\/nord\/wp-content\/uploads\/sites\/6\/2022\/09\/patrik-300x225.jpg 300w, https:\/\/clubcorvette.se\/nord\/wp-content\/uploads\/sites\/6\/2022\/09\/patrik-768x576.jpg 768w, https:\/\/clubcorvette.se\/nord\/wp-content\/uploads\/sites\/6\/2022\/09\/patrik-853x640.jpg 853w, https:\/\/clubcorvette.se\/nord\/wp-content\/uploads\/sites\/6\/2022\/09\/patrik.jpg 960w\" sizes=\"auto, (max-width: 300px) 100vw, 300px\" \/><\/a><\/p>\n<p>Patric Bergman\u00a0 Lule\u00e5<\/p>\n<p>070- 286 98 20<\/p>\n<p>&#x70;a&#x74;r&#x69;&#99;&#x2e;&#98;e&#x72;g&#x6d;&#97;&#x6e;&#64;&#x67;&#109;a&#x69;l&#x2e;&#99;&#x6f;&#109;<\/p>\n<p><strong>Kontaktombud Skellefte\u00e5<\/strong><\/p>\n<h1><a href=\"https:\/\/clubcorvette.se\/nord\/wp-content\/uploads\/sites\/6\/2014\/12\/Gunnar-Erirksson-och-Carin-Stenevik-.jpg\"><img loading=\"lazy\" decoding=\"async\" class=\"alignnone size-medium wp-image-599\" src=\"https:\/\/clubcorvette.se\/nord\/wp-content\/uploads\/sites\/6\/2014\/12\/Gunnar-Erirksson-och-Carin-Stenevik--300x130.jpg\" alt=\"gunnar-erirksson-och-carin-stenevik\" width=\"300\" height=\"130\" srcset=\"https:\/\/clubcorvette.se\/nord\/wp-content\/uploads\/sites\/6\/2014\/12\/Gunnar-Erirksson-och-Carin-Stenevik--300x130.jpg 300w, https:\/\/clubcorvette.se\/nord\/wp-content\/uploads\/sites\/6\/2014\/12\/Gunnar-Erirksson-och-Carin-Stenevik-.jpg 684w\" sizes=\"auto, (max-width: 300px) 100vw, 300px\" \/><\/a><\/h1>\n<p>Gunnar Eriksson 070-677 90 76\u00a0 Carin Stenevik 070-377 90 76<\/p>\n<p>&#x74;o&#x75;&#97;&#x72;&#101;&#x67;&#x2e;c&#x73;&#64;&#x67;&#109;&#x61;&#105;l&#x2e;&#99;&#x6f;&#109;<\/p>\n<p><strong>Kontaktombud Ume\u00e5<\/strong><\/p>\n<p>&nbsp;<\/p>\n<p><a href=\"https:\/\/clubcorvette.se\/nord\/wp-content\/uploads\/sites\/6\/2014\/12\/J\u00f6rgenensam.jpg\"><img loading=\"lazy\" decoding=\"async\" class=\"alignnone wp-image-635 size-medium\" src=\"https:\/\/clubcorvette.se\/nord\/wp-content\/uploads\/sites\/6\/2014\/12\/J\u00f6rgenensam-174x300.jpg\" width=\"174\" height=\"300\" srcset=\"https:\/\/clubcorvette.se\/nord\/wp-content\/uploads\/sites\/6\/2014\/12\/J\u00f6rgenensam-174x300.jpg 174w, https:\/\/clubcorvette.se\/nord\/wp-content\/uploads\/sites\/6\/2014\/12\/J\u00f6rgenensam.jpg 594w, https:\/\/clubcorvette.se\/nord\/wp-content\/uploads\/sites\/6\/2014\/12\/J\u00f6rgenensam-371x640.jpg 371w\" sizes=\"auto, (max-width: 174px) 100vw, 174px\" \/><\/a><\/p>\n<p>J\u00f6rgen \u00c5str\u00f6m<\/p>\n<p>070-242 22 94<\/p>\n<p>&#84;&#x72;a&#x79;&#x7a;&#101;&#x72;&#64;&#104;&#x6f;&#116;&#x6d;a&#105;&#x6c;&#46;&#x63;o&#109;<\/p>\n<p><strong>Kontaktombud \u00d6rnsk\u00f6ldsvik<\/strong><\/p>\n<p><a href=\"https:\/\/clubcorvette.se\/nord\/wp-content\/uploads\/sites\/6\/2022\/07\/lars-hellstrom5_n.jpg\"><img loading=\"lazy\" decoding=\"async\" class=\"alignnone size-medium wp-image-933\" src=\"https:\/\/clubcorvette.se\/nord\/wp-content\/uploads\/sites\/6\/2022\/07\/lars-hellstrom5_n-300x300.jpg\" alt=\"\" width=\"300\" height=\"300\" srcset=\"https:\/\/clubcorvette.se\/nord\/wp-content\/uploads\/sites\/6\/2022\/07\/lars-hellstrom5_n-300x300.jpg 300w, https:\/\/clubcorvette.se\/nord\/wp-content\/uploads\/sites\/6\/2022\/07\/lars-hellstrom5_n-150x150.jpg 150w, https:\/\/clubcorvette.se\/nord\/wp-content\/uploads\/sites\/6\/2022\/07\/lars-hellstrom5_n-768x767.jpg 768w, https:\/\/clubcorvette.se\/nord\/wp-content\/uploads\/sites\/6\/2022\/07\/lars-hellstrom5_n-641x640.jpg 641w, https:\/\/clubcorvette.se\/nord\/wp-content\/uploads\/sites\/6\/2022\/07\/lars-hellstrom5_n-200x200.jpg 200w, https:\/\/clubcorvette.se\/nord\/wp-content\/uploads\/sites\/6\/2022\/07\/lars-hellstrom5_n.jpg 886w\" sizes=\"auto, (max-width: 300px) 100vw, 300px\" \/><\/a><\/p>\n<p>Lars Hellstr\u00f6m<\/p>\n<p>070-366 40 66<\/p>\n<p>l&#97;&#114;&#x73;&#x2e;he&#108;&#108;&#x73;&#x74;ro&#109;&#64;&#x62;&#x65;ij&#101;&#x72;&#x62;&#x79;g&#103;&#46;&#x73;&#x65;<\/p>\n<p><strong>Kontaktombud i \u00d6stersund<\/strong><\/p>\n<p><a href=\"https:\/\/clubcorvette.se\/nord\/wp-content\/uploads\/sites\/6\/2022\/08\/svante-w5.jpeg\"><img loading=\"lazy\" decoding=\"async\" class=\"alignnone size-medium wp-image-976\" src=\"https:\/\/clubcorvette.se\/nord\/wp-content\/uploads\/sites\/6\/2022\/08\/svante-w5-224x300.jpeg\" alt=\"\" width=\"224\" height=\"300\" srcset=\"https:\/\/clubcorvette.se\/nord\/wp-content\/uploads\/sites\/6\/2022\/08\/svante-w5-224x300.jpeg 224w, https:\/\/clubcorvette.se\/nord\/wp-content\/uploads\/sites\/6\/2022\/08\/svante-w5-479x640.jpeg 479w, https:\/\/clubcorvette.se\/nord\/wp-content\/uploads\/sites\/6\/2022\/08\/svante-w5.jpeg 766w\" sizes=\"auto, (max-width: 224px) 100vw, 224px\" \/><\/a><\/p>\n<p>Svante Wikander \/ Janitha Hallgren<\/p>\n<p>070-372 68 80<\/p>\n<p>&#x65;&#116;n&#x61;&#118;s&#x36;&#55;&#64;&#x67;&#x6d;&#97;&#x69;&#x6c;&#46;c&#x6f;&#109;<\/p>\n<p>&nbsp;<\/p>\n<p>&nbsp;<\/p>\n","protected":false},"excerpt":{"rendered":"<p>&nbsp; Distriktsansvarig ekonomi, kalender, hemsida, reportage CM Peter \/ Catarina \u00c5str\u00f6m Parkv\u00e4gen 19 97253 Lule\u00e5 070-637 43 40 &#x70;e&#x74;e&#x72;&#46;&#x61;&#115;t&#x72;o&#x6d;&#64;&#x63;&#108;&#x75;&#98;c&#x6f;r&#x76;&#101;&#x74;&#116;&#x65;&#x2e;s&#x65; CCS Oldiest Nord (norr- och v\u00e4sterbotten) Barbro Rosander Lule\u00e5 070-130 36 00 &#98;&#x61;r&#x62;&#x72;&#111;&#x2e;r&#111;&#x73;&#97;&#x6e;d&#101;&#x72;&#64;&#x63;l&#117;&#x62;c&#x6f;&#x72;&#118;&#x65;t&#116;&#x65;&#46;&#x73;e Kontaktombud artiklar mm Patric Bergman\u00a0 Lule\u00e5 070- 286 98 20 &#x70;&#97;&#x74;&#x72;&#105;&#x63;&#46;b&#x65;&#114;g&#x6d;&#97;n&#x40;&#103;m&#x61;&#105;&#x6c;&#x2e;&#99;&#x6f;&#x6d; Kontaktombud Skellefte\u00e5 Gunnar Eriksson 070-677 90 76\u00a0 Carin Stenevik 070-377 90 76 [&hellip;]<\/p>\n","protected":false},"author":1,"featured_media":0,"parent":0,"menu_order":4,"comment_status":"open","ping_status":"open","template":"","meta":{"_acf_changed":false,"footnotes":""},"class_list":["post-9","page","type-page","status-publish","hentry"],"acf":[],"_links":{"self":[{"href":"https:\/\/clubcorvette.se\/nord\/wp-json\/wp\/v2\/pages\/9","targetHints":{"allow":["GET"]}}],"collection":[{"href":"https:\/\/clubcorvette.se\/nord\/wp-json\/wp\/v2\/pages"}],"about":[{"href":"https:\/\/clubcorvette.se\/nord\/wp-json\/wp\/v2\/types\/page"}],"author":[{"embeddable":true,"href":"https:\/\/clubcorvette.se\/nord\/wp-json\/wp\/v2\/users\/1"}],"replies":[{"embeddable":true,"href":"https:\/\/clubcorvette.se\/nord\/wp-json\/wp\/v2\/comments?post=9"}],"version-history":[{"count":23,"href":"https:\/\/clubcorvette.se\/nord\/wp-json\/wp\/v2\/pages\/9\/revisions"}],"predecessor-version":[{"id":1164,"href":"https:\/\/clubcorvette.se\/nord\/wp-json\/wp\/v2\/pages\/9\/revisions\/1164"}],"wp:attachment":[{"href":"https:\/\/clubcorvette.se\/nord\/wp-json\/wp\/v2\/media?parent=9"}],"curies":[{"name":"wp","href":"https:\/\/api.w.org\/{rel}","templated":true}]}}