{"id":14,"date":"2014-12-05T22:17:44","date_gmt":"2014-12-05T21:17:44","guid":{"rendered":"http:\/\/clubcorvette.se\/malardalen\/ovrigt\/"},"modified":"2026-02-18T17:50:28","modified_gmt":"2026-02-18T16:50:28","slug":"information","status":"publish","type":"page","link":"https:\/\/clubcorvette.se\/malardalen\/information\/","title":{"rendered":"Information"},"content":{"rendered":"<blockquote><p><b><img loading=\"lazy\" decoding=\"async\" class=\"alignnone wp-image-475\" src=\"https:\/\/clubcorvette.se\/malardalen\/wp-content\/uploads\/sites\/11\/2015\/01\/logotype-ccs-120x80-utvald-bild.png\" alt=\"logotype-ccs-120x80-utvald-bild\" width=\"81\" height=\"54\" \/>V\u00e4lkommen\u00a0<\/b><strong>till Distrikt M\u00e4lardalen<\/strong><\/p>\n<p><img loading=\"lazy\" decoding=\"async\" class=\"alignright wp-image-186 size-full\" src=\"https:\/\/clubcorvette.se\/malardalen\/wp-content\/uploads\/sites\/11\/2015\/01\/convertible_large2.jpg\" alt=\"\" width=\"200\" height=\"160\" \/><\/p>\n<p>Vi vill g\u00f6ra ditt medlemskap i <strong>Club Corvette Sweden<\/strong> s\u00e5 givande som m\u00f6jligt. Vi tycker den sociala samvaron \u00e4r viktig och det \u00e4r fantastiskt att tr\u00e4ffas med v\u00e5ra fina Corvetter\u00a0och f\u00e5 nya v\u00e4nner med samma intresse. Vi f\u00f6rs\u00f6ker planera v\u00e5ra aktiviteter f\u00f6r alla smakriktningar med allt fr\u00e5n enkla onsdagstr\u00e4ffar till cruising, racing, studiebes\u00f6k, mm.<\/p>\n<p>Aktivitetskalendern uppdateras kontinuerligt och 3-4 veckor f\u00f6re varje aktivitet finns detaljerad info. T\u00e4nk p\u00e5 att vi beh\u00f6ver din bindande anm\u00e4lan till en del aktiviteter beroende p\u00e5 att mat, kaffe, parkering eller liknande m\u00e5ste planeras. Om du inte kan komma trots din anm\u00e4lan s\u00e5 <strong>ring aktivitetsansvarig och avboka<\/strong>.<\/p>\n<p>Titta i <a href=\"https:\/\/clubcorvette.se\/malardalen\/kalender\/\">kalendern<\/a> och l\u00e5t dig inspireras &#8211; s\u00e5 ses vi!<\/p>\n<hr \/>\n<p>&nbsp;<\/p>\n<p><strong>Betalningar till aktiviteter<\/strong><\/p>\n<p>Distrikt M\u00e4lardalen har ett eget bankkonto och Swish att betala till f\u00f6r julluncher, ev. kostnader vid cruisingar, guidningar mm.<br \/>\n<strong><br \/>\n<\/strong><\/p>\n<div><strong>Nya Kontonummer<\/strong> <strong>fr\u00e5n Oktober 2023<\/strong><\/div>\n<div><strong>Handelsbanken\u00a0 6189\u00a0 483 163 368<\/strong><\/div>\n<div><strong>Swish nr: 123 606 6013<\/strong><\/div>\n<p>Efter anm\u00e4lan till aktivitetsansvarig enligt hemsida eller utskick, betalar du p\u00e5 internet genom \u00f6verf\u00f6ring fr\u00e5n din baksida eller Swish. Som<br \/>\navs\u00e4ndare skriver du in ditt\u00a0<strong>medlemsnummer<\/strong> samt anger vilken\u00a0<strong>aktivitet<\/strong> som avses. Kontot g\u00e4ller enbart f\u00f6r distrikt M\u00e4lardalens aktiviteter, allts\u00e5 inte t.ex. Sommarm\u00f6tet.<\/p>\n<p>Medtag medlemskort som kan uppvisas vid alla aktiviteter.<\/p>\n<p>&nbsp;<\/p><\/blockquote>\n<h1><\/h1>\n<hr \/>\n<h2><strong>Klubblokalen (H\u00f6st\/V\u00e5r)<\/strong><\/h2>\n<p>Datum H\u00f6st\/vinter:<strong> 2025 22 oktober till 10 december.<\/strong><\/p>\n<p>Datum Vinter\/V\u00e5r: <strong>2026 14\u00a0 januari till\u00a0 25 mars.<\/strong><strong><br \/>\n<\/strong><\/p>\n<p>\u00d6vrigt:\u00a0<strong>After Work i klubblokalen \u2013 H\u00f6st 05\/12\u00a0 \u00a0 Vinter 30\/01<br \/>\n<\/strong><\/p>\n<p>Tid: <strong>18:00<\/strong>\u2013 <strong>21:00<\/strong><\/p>\n<p>Hitta hit: <strong><a title=\"Till kalendern\" href=\"https:\/\/clubcorvette.se\/malardalen\/aktivitet\/veckotraff-i-klubblokalen\/\" target=\"_blank\" rel=\"noopener\">Klicka h\u00e4r<\/a><\/strong><\/p>\n<p>&#8212;&#8212;&#8212;&#8212;&#8212;&#8212;&#8212;&#8212;<\/p>\n<p>Vi har \u00f6ppet f\u00f6r alla medlemmar.<\/p>\n<p>Kom och ta en fika, snacka och umg\u00e5s i genuin Corvettemilj\u00f6.<br \/>\nTitta p\u00e5 egna eller andras filmer i storbildsformat.<br \/>\n(Om m\u00f6jligt \u00e5k kommunalt p.g.a.. Begr\u00e4nsat med parkering)<\/p>\n<p>V\u00e4lkomna,<br \/>\nM\u00e4lardalens kontaktpersoner<\/p>\n<hr \/>\n<hr \/>\n<h1><span style=\"text-decoration: underline\"><strong>Veckotr\u00e4ffar i M\u00e4lardalen (som inte ordnas av klubben)<\/strong><\/span><\/h1>\n<hr \/>\n<hr \/>\n<p>\u2248 <strong>H\u00e4r nedan hittar ni \u00e5terkommande veckotr\u00e4ffar som inte ordnas av klubben under sommaren<\/strong> \u2248<\/p>\n<p><a href=\"https:\/\/clubcorvette.se\/malardalen\/wp-content\/uploads\/sites\/11\/2014\/12\/\u00c5terkommande-veckotr\u00e4ffar-som-inte-ordnas-av-Club-Corvette-Sweden.pdf\" target=\"_blank\" rel=\"noopener\">Adresser och\u00a0\u00f6verblicks karta *PDF-fil<\/a><\/p>\n<p>*Datumen kan \u00e4ndras.<\/p>\n<hr \/>\n<h2><strong>Nifsta g\u00e5rd (norr om Stockholm)<\/strong><\/h2>\n<p>Datum: <strong>torsdagar<\/strong> fr\u00e5n <strong>&#8211; <\/strong>till <strong>&#8211;<\/strong><\/p>\n<p>Tid: <strong>15:00 &#8211; 20:00<\/strong><\/p>\n<p>Hitta hit: <strong><a href=\"https:\/\/clubcorvette.se\/malardalen\/aktivitet\/motortraff-nifta-gard\/\" target=\"_blank\" rel=\"noopener\">Klick h\u00e4r<\/a><\/strong><\/p>\n<p>&#8212;&#8212;&#8212;&#8212;&#8212;&#8212;&#8212;&#8212;<\/p>\n<p>P\u00e5 torsdagskv\u00e4llarna g\u00e4ller Nifsta g\u00e5rd som ligger norr om Stockholm. H\u00e4r hittar du en stor blandning av bilar och motorcyklar gamla som nya, \u00e4ven en och annan traktor och lastbil hittar till Nifsta. Du kan \u00e4ta mat eller n\u00f6jer du dig med en hamburgare? V\u00e4lkomna \u00f6nskar, M\u00e4lardalens kontaktpersoner.<\/p>\n<p>Mer info p\u00e5 <a href=\"http:\/\/www.nifstagk.se\/\" target=\"_blank\" rel=\"noopener\">www.nifstagk.se<\/a>, <a href=\"https:\/\/www.facebook.com\/Motortr\u00e4ffar-p\u00e5-Nifsta-G\u00e5rd-125549657471925\/\" target=\"_blank\" rel=\"noopener\">Facebook<\/a><\/p>\n<hr \/>\n<h2><strong>The Nut House cafe (strax norr om Upplands V\u00e4sby)<\/strong><\/h2>\n<p>Datum:\u00a0<strong>onsdagar<\/strong>\u00a0<strong>fr\u00e5n 4maj<\/strong>\u00a0<strong>\u2013\u00a014 september<\/strong><\/p>\n<p>Tid:\u00a0<strong>17:00 \u2013 20:00<\/strong><\/p>\n<p>Hitta hit: <a href=\"https:\/\/clubcorvette.se\/malardalen\/platser\/the-nut-house-tradgardsbutik-cafe\/\" target=\"_blank\" rel=\"noopener\"><strong>Klicka h\u00e4r<\/strong><\/a><\/p>\n<p>KV\u00c4LLS\u00d6PPET med ENTUSIASTBILAR<\/p>\n<p>Vi serverar varm middag samt sm\u00f6rg\u00e5sar och pannkakor. Givetvis har vi t\u00e5rtor och bullar att frossa i. Alla med Gamla bilar, Entusiast fordon, motorcyklar och mopeder \u00e4r hj\u00e4rtligt v\u00e4lkomna till dessa onsdagstr\u00e4ffar. H\u00e4r kan du i en fin milj\u00f6 fika, \u00e4ta enklare r\u00e4tter eller bara snacka och sparka d\u00e4ck samt kolla in alla fina klenoder. Omr\u00e5det \u00e4r ganska begr\u00e4nsat (ca 50 bilar, min gissning) s\u00e5 man b\u00f6r vara d\u00e4r tidigt om man vill f\u00e5 plats, det finns parkering \u00a0i anslutning till omr\u00e5det.<\/p>\n<hr \/>\n<h2><strong>Veteranbilstr\u00e4ffarna p\u00e5 Ulva (norr om Uppsala)<\/strong><\/h2>\n<p>Datum: <strong>tisdagar <\/strong>fr\u00e5n <strong>&#8211;<\/strong> till <strong>&#8211;<\/strong><\/p>\n<p>Tid:<strong> 17:00 \u2013<\/strong> <strong>21:00<\/strong><\/p>\n<p>Hitta hit: <a href=\"https:\/\/clubcorvette.se\/malardalen\/aktivitet\/veckotraff-veteranbilstraffarna-pa-ulva\/\" target=\"_blank\" rel=\"noopener\"><strong>Klicka h\u00e4r<\/strong><\/a><\/p>\n<p>&#8212;&#8212;&#8212;&#8212;&#8212;&#8212;&#8212;&#8212;<\/p>\n<p>Vetteranbilstr\u00e4ffarna p\u00e5 Ulva ligger strax norr om Uppsala. Tar du en bil yngre \u00e4n 30 \u00e5r g\u00e4ller Svenssonparkeringen.<\/p>\n<p>Mer info p\u00e5<a href=\"http:\/\/www.ahk-uppland.se\/\" target=\"_blank\" rel=\"noopener\"> www.ahk-uppland.se, <\/a><a href=\"https:\/\/www.ulvakvarn.com\/ulva-veteranbilstraff\/\" target=\"_blank\" rel=\"noopener\">ulvakvarn.com<\/a><\/p>\n<hr \/>\n<p>&nbsp;<\/p>\n<h2 class=\"headline-align-center\"><strong>TT-Garage (<span class=\"BxUVEf ILfuVd\" lang=\"sv\"><span class=\"hgKElc\"><b>nordv\u00e4st om Stockholm<\/b><\/span><\/span>)<\/strong><\/h2>\n<p>Datum:<strong> tisdagar<\/strong> fr\u00e5n <strong>&#8211;\u00a0<\/strong>till\u00a0<strong>&#8211;<\/strong><\/p>\n<p>Tid: <strong>17:30 &#8211; 20:00<\/strong><\/p>\n<p>Hitta hit: Klicka h\u00e4r<\/p>\n<p>&#8212;&#8212;&#8212;&#8212;&#8212;&#8212;&#8212;&#8212;<\/p>\n<p>&#8221;Ett evenemang och en m\u00f6tesplats f\u00f6r h\u00e4ngivna bilentusiaster.<br \/>\nFormer, f\u00e4rger, crom och muller.&#8221;<\/p>\n<p>Mer info p\u00e5<\/p>\n<p>&nbsp;<\/p>\n<hr \/>\n<h2><strong>Brostugan<\/strong> <strong>(s\u00f6der om Stockholm)<\/strong><\/h2>\n<p>Datum: <strong>onsdagar<\/strong> fr\u00e5n <strong>&#8211; <\/strong>till <strong>&#8211;<\/strong><\/p>\n<p>Tid: <strong>17:30 <\/strong>\u2013 <strong>22:00<\/strong><\/p>\n<p>Hitta hit: <a href=\"https:\/\/clubcorvette.se\/malardalen\/platser\/brostugan\/\"><strong>Klicka h\u00e4r<\/strong><\/a><\/p>\n<p>&#8212;&#8212;&#8212;&#8212;&#8212;&#8212;&#8212;&#8212;<\/p>\n<p>Stora motortr\u00e4ffen (varje onsdag).<\/p>\n<p>Mer info p\u00e5 <a href=\"https:\/\/brostugan.se\/biltr%C3%A4ffar-20775665\">Brostugan.se\/biltr\u00e4ffar<\/a><\/p>\n<hr \/>\n<h2><strong>Sundby G\u00e5rd (s\u00f6der om Stockholm)<\/strong><\/h2>\n<p>Datum: <strong>onsdagar<\/strong>\u00a0fr\u00e5n <strong>28 maj<\/strong> till <strong>10 september <\/strong>med uppeh\u00e5ll f\u00f6r<strong> 16 och 23 juli.<\/strong><\/p>\n<p>Tid: <strong>18:00 \u2013<\/strong> <strong>21:00<\/strong><\/p>\n<p>Hitta hit: <a href=\"https:\/\/clubcorvette.se\/malardalen\/aktivitet\/veckotraff-pa-sundby-gard\/\" target=\"_blank\" rel=\"noopener\"><strong>Klicka h\u00e4r<\/strong><\/a><\/p>\n<p>&#8212;&#8212;&#8212;&#8212;&#8212;&#8212;&#8212;&#8212;<\/p>\n<p>Varje onsdag eftermiddag\/kv\u00e4ll \u00e4r det biltr\u00e4ff p\u00e5 Sundby G\u00e5rd (s\u00f6der om Stockholm) om v\u00e4dret till\u00e5ter.<\/p>\n<p>Mer info p\u00e5 <a href=\"http:\/\/www.sundby-gard.se\/\" target=\"_blank\" rel=\"noopener\">www.sundby-gard.se<\/a><\/p>\n<hr \/>\n<h2 class=\"headline-align-center\"><strong>Eldtomta Caf\u00e9 &amp; Butik (s\u00f6der om Stockholm)<\/strong><\/h2>\n<p>Datum:<strong> torsdagar<\/strong> fr\u00e5n <strong>&#8211;\u00a0<\/strong>till\u00a0<strong>&#8211;<\/strong><\/p>\n<p>Tid: <strong>16:00 &#8211; 20:00<\/strong><\/p>\n<p>Hitta hit: <a href=\"https:\/\/clubcorvette.se\/malardalen\/platser\/classic-car-mc-lissma\/\">Klicka h\u00e4r<\/a><\/p>\n<p>&#8212;&#8212;&#8212;&#8212;&#8212;&#8212;&#8212;&#8212;<\/p>\n<p>&#8221;Ett spikat evenemang och en m\u00f6tesplats f\u00f6r h\u00e4ngivna bilentusiaster.<br \/>\nFormer, f\u00e4rger, crom och muller. Det finns mycket att se och prata om.&#8221;<\/p>\n<p>Mer info p\u00e5 <a href=\"https:\/\/www.lissmapark.se\/classic-car-meeting\">Classic Car Meeting &#8211; Lissma Park<\/a><\/p>\n<hr \/>\n<h2 class=\"headline-align-center\"><strong>Classic Car &amp; MC Lissma (syd\u00f6stra delen av Huddinge)<\/strong><\/h2>\n<p>Datum:<strong> tisdagar<\/strong> fr\u00e5n <strong>&#8211;\u00a0<\/strong>till\u00a0<strong>&#8211;<\/strong><\/p>\n<p>Tid: <strong>16:00 &#8211; 20:00<\/strong><\/p>\n<p>Hitta hit: <a href=\"https:\/\/clubcorvette.se\/malardalen\/platser\/classic-car-mc-lissma\/\">Klicka h\u00e4r<\/a><\/p>\n<p>&#8212;&#8212;&#8212;&#8212;&#8212;&#8212;&#8212;&#8212;<\/p>\n<p>&#8221;Ett spikat evenemang och en m\u00f6tesplats f\u00f6r h\u00e4ngivna bilentusiaster.<br \/>\nFormer, f\u00e4rger, crom och muller. Det finns mycket att se och prata om.&#8221;<\/p>\n<p>Mer info p\u00e5 <a href=\"https:\/\/www.lissmapark.se\/classic-car-meeting\">Classic Car Meeting &#8211; Lissma Park<\/a><\/p>\n<hr \/>\n<div><\/div>\n","protected":false},"excerpt":{"rendered":"<p>V\u00e4lkommen\u00a0till Distrikt M\u00e4lardalen Vi vill g\u00f6ra ditt medlemskap i Club Corvette Sweden s\u00e5 givande som m\u00f6jligt. Vi tycker den sociala samvaron \u00e4r viktig och det \u00e4r fantastiskt att tr\u00e4ffas med v\u00e5ra fina Corvetter\u00a0och f\u00e5 nya v\u00e4nner med samma intresse. Vi f\u00f6rs\u00f6ker planera v\u00e5ra aktiviteter f\u00f6r alla smakriktningar med allt fr\u00e5n enkla onsdagstr\u00e4ffar till cruising, racing, [&hellip;]<\/p>\n","protected":false},"author":1,"featured_media":0,"parent":0,"menu_order":4,"comment_status":"open","ping_status":"open","template":"","meta":{"_acf_changed":false,"footnotes":""},"class_list":["post-14","page","type-page","status-publish","hentry"],"acf":[],"_links":{"self":[{"href":"https:\/\/clubcorvette.se\/malardalen\/wp-json\/wp\/v2\/pages\/14","targetHints":{"allow":["GET"]}}],"collection":[{"href":"https:\/\/clubcorvette.se\/malardalen\/wp-json\/wp\/v2\/pages"}],"about":[{"href":"https:\/\/clubcorvette.se\/malardalen\/wp-json\/wp\/v2\/types\/page"}],"author":[{"embeddable":true,"href":"https:\/\/clubcorvette.se\/malardalen\/wp-json\/wp\/v2\/users\/1"}],"replies":[{"embeddable":true,"href":"https:\/\/clubcorvette.se\/malardalen\/wp-json\/wp\/v2\/comments?post=14"}],"version-history":[{"count":80,"href":"https:\/\/clubcorvette.se\/malardalen\/wp-json\/wp\/v2\/pages\/14\/revisions"}],"predecessor-version":[{"id":6105,"href":"https:\/\/clubcorvette.se\/malardalen\/wp-json\/wp\/v2\/pages\/14\/revisions\/6105"}],"wp:attachment":[{"href":"https:\/\/clubcorvette.se\/malardalen\/wp-json\/wp\/v2\/media?parent=14"}],"curies":[{"name":"wp","href":"https:\/\/api.w.org\/{rel}","templated":true}]}}