{"id":13,"date":"2014-12-05T22:17:44","date_gmt":"2014-12-05T21:17:44","guid":{"rendered":"http:\/\/clubcorvette.se\/malardalen\/kontakter\/"},"modified":"2026-04-01T19:16:27","modified_gmt":"2026-04-01T17:16:27","slug":"kontakter","status":"publish","type":"page","link":"https:\/\/clubcorvette.se\/malardalen\/kontakter\/","title":{"rendered":"Kontakter"},"content":{"rendered":"<div style=\"width: 48%;float: left;padding: 10px\"><a href=\"https:\/\/clubcorvette.se\/malardalen\/wp-content\/uploads\/sites\/11\/2015\/01\/arne.nilsson_130x170.jpg\"><img loading=\"lazy\" decoding=\"async\" class=\"alignnone wp-image-22 size-full\" src=\"https:\/\/clubcorvette.se\/malardalen\/wp-content\/uploads\/sites\/11\/2015\/01\/arne.nilsson_130x170.jpg\" alt=\"arne.nilsson_130x170\" width=\"137\" height=\"177\" \/><\/a><\/div>\n<div style=\"width: 48%;float: left;padding: 10px\"><strong>Distriktsansvarig<\/strong><br \/>\nArne Nilsson<br \/>\nSollentuna<br \/>\n070-509 08 03<br \/>\n<a href=\"&#109;&#x61;i&#x6c;&#x74;&#111;&#x3a;a&#114;&#x6e;&#101;&#x2e;n&#105;&#x6c;s&#x73;o&#110;&#x40;c&#x6c;&#x75;&#98;&#x63;o&#114;&#x76;&#101;&#x74;t&#101;&#x2e;&#115;&#x65;\">&#97;&#x72;n&#101;&#x2e;&#110;&#x69;l&#115;&#x73;o&#x6e;&#x40;&#99;&#x6c;u&#98;&#x63;o&#x72;&#x76;&#101;&#x74;t&#101;&#x2e;&#115;&#x65;<\/a><\/div>\n<div style=\"clear: both\">\n<hr \/>\n<\/div>\n<p><em><strong>M\u00e4lardalen Mitt \/ Stockholm<\/strong><\/em><\/p>\n<div style=\"width: 48%;float: left;padding: 10px\"><a href=\"https:\/\/clubcorvette.se\/malardalen\/wp-content\/uploads\/sites\/11\/2015\/01\/matz.andersson_130x170.jpg\"><img loading=\"lazy\" decoding=\"async\" class=\"alignnone wp-image-30 size-full\" src=\"https:\/\/clubcorvette.se\/malardalen\/wp-content\/uploads\/sites\/11\/2015\/01\/matz.andersson_130x170.jpg\" alt=\"matz.andersson_130x170\" width=\"137\" height=\"177\" \/><\/a><br \/>\n<em><strong> Klubblokalen<\/strong><\/em><br \/>\nMatz Andersson<br \/>\nSundbyberg<br \/>\n08-795 72 74<br \/>\n070-910 83 93<br \/>\n<a href=\"&#109;&#x61;&#105;&#x6c;t&#x6f;:&#109;&#x61;&#116;&#x7a;&#46;&#x61;&#64;&#x63;l&#117;&#x62;&#99;&#x6f;r&#x76;e&#x74;&#x74;&#101;&#x2e;&#115;&#x65;\">&#109;&#97;&#x74;z&#46;&#x61;&#x40;c&#108;&#x75;&#x62;c&#111;&#x72;v&#101;&#x74;&#x74;e&#46;&#x73;&#x65;<\/a><\/div>\n<div style=\"width: 48%;float: right;padding: 10px\"><a href=\"https:\/\/clubcorvette.se\/malardalen\/wp-content\/uploads\/sites\/11\/2015\/01\/larserik_ohrn.jpg\"><img loading=\"lazy\" decoding=\"async\" class=\"alignnone wp-image-29 size-full\" src=\"https:\/\/clubcorvette.se\/malardalen\/wp-content\/uploads\/sites\/11\/2015\/01\/larserik_ohrn.jpg\" alt=\"larserik_ohrn\" width=\"170\" height=\"133\" \/><\/a><br \/>\n<strong><em>Tr\u00e4ffar<\/em><\/strong><br \/>\nLars-Erik \u00d6hrn \/ Ingrid Rylow<br \/>\nB\u00e5lsta<br \/>\n0171-573 39<br \/>\n070-555 73 39<br \/>\n<a href=\"&#x6d;&#97;&#x69;&#x6c;t&#x6f;&#58;l&#x61;&#115;s&#x65;&#64;&#x63;&#x6c;u&#x62;&#99;o&#x72;&#118;e&#x74;&#116;&#x65;&#x2e;&#115;&#x65;\">&#x6c;a&#x73;&#115;&#x65;&#64;c&#x6c;u&#x62;&#99;&#x6f;&#114;v&#x65;&#116;&#x74;&#101;&#46;&#x73;e<\/a><\/div>\n<div style=\"clear: both\"><\/div>\n<div style=\"width: 48%;float: left;padding: 10px\"><a href=\"https:\/\/clubcorvette.se\/malardalen\/wp- content\/uploads\/sites\/11\/2014\/12\/Johan_Wedberg.jpg\"><img loading=\"lazy\" decoding=\"async\" class=\"alignnone wp-image-1289\" src=\"https:\/\/clubcorvette.se\/malardalen\/wp-content\/uploads\/sites\/11\/2014\/12\/Johan_Wedberg.jpg\" alt=\"Johan.Wedberg_137.\" width=\"137\" height=\"137\" srcset=\"https:\/\/clubcorvette.se\/malardalen\/wp-content\/uploads\/sites\/11\/2014\/12\/Johan_Wedberg.jpg 219w, https:\/\/clubcorvette.se\/malardalen\/wp-content\/uploads\/sites\/11\/2014\/12\/Johan_Wedberg-150x150.jpg 150w, https:\/\/clubcorvette.se\/malardalen\/wp-content\/uploads\/sites\/11\/2014\/12\/Johan_Wedberg-200x200.jpg 200w\" sizes=\"auto, (max-width: 137px) 100vw, 137px\" \/><\/a><br \/>\n<strong><em>Tr\u00e4ffar<\/em><\/strong><br \/>\nJohan Wedberg<br \/>\nTyres\u00f6<br \/>\n070-2677031<br \/>\n<a href=\"&#x6d;&#x61;&#x69;&#108;&#116;o:&#x77;&#x65;&#x64;&#98;&#101;rg&#x40;&#x63;&#x6c;&#117;&#98;co&#x72;&#x76;&#x65;&#116;&#116;e&#46;&#x73;&#x65;\">&#x77;&#101;d&#x62;&#101;&#114;&#x67;&#x40;&#99;l&#x75;&#98;c&#x6f;&#x72;&#118;e&#x74;&#116;e&#x2e;&#x73;&#101;<\/a><\/div>\n<div style=\"width: 48%;float: right;padding: 10px\"><a href=\"https:\/\/clubcorvette.se\/malardalen\/wp-content\/uploads\/sites\/11\/2014\/12\/Michael_Zandin-e1537452044774.jpg\"><img loading=\"lazy\" decoding=\"async\" class=\"alignnone wp-image-3421 size-thumbnail\" title=\"\" src=\"https:\/\/clubcorvette.se\/malardalen\/wp-content\/uploads\/sites\/11\/2014\/12\/Michael_Zandin-150x150.jpg\" alt=\"\" width=\"150\" height=\"150\" \/><\/a><br \/>\n<strong><em>Tr\u00e4ffar \/ Racing<\/em><\/strong><br \/>\nMichael Zandin<br \/>\nT\u00e4by<br \/>\n070-860 00 54<br \/>\n<a href=\"m&#97;&#105;&#108;&#x74;&#x6f;&#x3a;Mi&#99;&#104;&#x61;&#x65;&#x6c;&#x2e;Za&#110;&#100;&#x69;&#x6e;&#x40;&#x63;l&#117;&#98;&#99;&#x6f;&#x72;&#x76;et&#116;&#101;&#46;&#x73;&#x65;\">M&#105;&#x63;&#x68;a&#101;&#x6c;&#x2e;Z&#97;&#x6e;&#x64;i&#110;&#x40;&#x63;l&#117;&#x62;&#x63;o&#114;&#118;&#x65;&#x74;t&#101;&#x2e;&#x73;e<\/a><\/div>\n<div style=\"width: 48%;float: left;padding: 10px\"><a href=\"https:\/\/clubcorvette.se\/malardalen\/wp-content\/uploads\/sites\/11\/2015\/01\/bo.bjorklund_130x170.jpg\"><img loading=\"lazy\" decoding=\"async\" class=\"alignnone wp-image-23 size-full\" src=\"https:\/\/clubcorvette.se\/malardalen\/wp-content\/uploads\/sites\/11\/2015\/01\/bo.bjorklund_130x170.jpg\" alt=\"\" width=\"137\" height=\"177\" \/><\/a><br \/>\n<strong><em>Oldies M\u00e4lardalen V\u00e4st \/ Tr\u00e4ffar<\/em><\/strong><br \/>\nBo Bj\u00f6rklund<br \/>\nArboga<br \/>\n0589-172 66<br \/>\n072 25 350 87<br \/>\n<a href=\"&#x6d;a&#x69;l&#x74;&#111;&#x3a;&#98;o&#x2e;b&#x6a;&#111;&#x72;&#107;&#x6c;&#117;n&#x64;&#64;&#x63;&#108;&#x75;&#98;&#x63;&#x6f;r&#x76;e&#x74;&#116;&#x65;&#46;s&#x65;\">bo&#46;&#98;&#106;&#x6f;&#x72;&#x6b;&#x6c;&#x75;nd&#64;&#99;&#108;&#x75;&#x62;&#x63;&#x6f;&#x72;ve&#116;&#116;&#101;&#x2e;&#x73;&#x65;<\/a><\/div>\n<div style=\"width: 48%;float: right;padding: 10px\"><a href=\"http:\/\/clubcorvette.se\/racing\/wp-content\/uploads\/sites\/15\/2016\/02\/erikj.jpg\"><img loading=\"lazy\" decoding=\"async\" class=\"alignnone wp-image-4482 size-thumbnail\" src=\"http:\/\/clubcorvette.se\/racing\/wp-content\/uploads\/sites\/15\/2016\/02\/erikj.jpg\" alt=\"CCS Ingen profilbild\" width=\"150\" height=\"150\" \/><\/a><br \/>\n<strong>Racing<\/strong><br \/>\nErik Johansson<br \/>\n&#8211;<br \/>\n070-268 49 01<br \/>\n<a href=\"m&#97;&#105;&#x6c;&#x74;&#x6f;&#x3a;e&#114;&#105;&#107;&#x2e;&#x6a;&#x6f;ha&#110;&#115;&#x73;&#x6f;&#x6e;&#64;c&#108;&#117;&#x62;&#x63;&#x6f;rv&#101;&#116;&#x74;&#x65;&#x2e;se\">&#x65;r&#x69;&#107;&#46;&#x6a;&#111;&#x68;&#x61;n&#x73;&#115;o&#x6e;&#64;&#x63;&#108;u&#x62;&#99;o&#x72;&#118;&#x65;&#116;t&#x65;&#46;&#x73;&#x65;<\/a><\/div>\n<div style=\"width: 48%;float: left;padding: 10px\"><a title=\"\" href=\"https:\/\/clubcorvette.se\/malardalen\/wp-content\/uploads\/sites\/11\/2026\/03\/David-Wicklund.jpeg\"><img loading=\"lazy\" decoding=\"async\" class=\"alignnone wp-image-4482 size-thumbnail\" src=\"https:\/\/clubcorvette.se\/malardalen\/wp-content\/uploads\/sites\/11\/2026\/03\/David-Wicklund.jpeg\" alt=\"CCS Ingen profilbild\" width=\"150\" height=\"150\" \/><\/a><br \/>\n<strong>Tr\u00e4ffar<\/strong><br \/>\nDavid Wicklund<br \/>\nNorrt\u00e4lje<br \/>\n070-4407375<br \/>\n<a class=\"v1x_moz-txt-link-abbreviated\" href=\"m&#97;&#105;&#x6c;&#x74;o&#58;&#100;&#x61;&#x76;&#x69;d&#46;&#119;&#x69;&#x63;kl&#117;&#x6e;&#x64;&#x40;c&#108;&#117;&#x62;&#x63;or&#118;&#x65;&#x74;&#x74;e&#46;&#115;&#x65;\" rel=\"noreferrer\">&#100;&#x61;&#x76;i&#100;&#x2e;w&#105;&#x63;&#x6b;l&#117;&#x6e;d&#64;&#x63;&#x6c;u&#98;&#x63;o&#114;&#x76;&#x65;&#116;&#116;&#x65;&#46;&#115;&#x65;<\/a><\/div>\n<div style=\"width: 48%;float: left;padding: 10px\"><a href=\"https:\/\/clubcorvette.se\/malardalen\/wp-content\/uploads\/sites\/11\/2024\/10\/Samuel_Cedermyr-e1731164177920.jpg\"><img loading=\"lazy\" decoding=\"async\" class=\"alignnone wp-image-5737 size-thumbnail\" title=\"\" src=\"https:\/\/clubcorvette.se\/malardalen\/wp-content\/uploads\/sites\/11\/2024\/10\/Samuel_Cedermyr-e1731164177920-150x150.jpg\" alt=\"\" width=\"150\" height=\"150\" srcset=\"https:\/\/clubcorvette.se\/malardalen\/wp-content\/uploads\/sites\/11\/2024\/10\/Samuel_Cedermyr-e1731164177920-150x150.jpg 150w, https:\/\/clubcorvette.se\/malardalen\/wp-content\/uploads\/sites\/11\/2024\/10\/Samuel_Cedermyr-e1731164177920-200x200.jpg 200w\" sizes=\"auto, (max-width: 150px) 100vw, 150px\" \/><\/a><br \/>\n<em><strong>Distrikts webbredakt\u00f6r<\/strong><\/em><br \/>\nSamuel Cedermyr<br \/>\nDanderyd<br \/>\n070-540 11 75<br \/>\n<a href=\"ma&#105;&#108;&#x74;&#x6f;&#x3a;&#x73;am&#117;&#101;&#x6c;&#x2e;&#x63;&#x65;de&#114;&#109;&#121;&#x72;&#x40;&#x63;&#x6c;ub&#99;&#111;&#x72;&#x76;&#x65;&#x74;te&#46;&#115;&#x65;\">&#x73;&#x61;&#x6d;&#x75;&#x65;&#x6c;&#x2e;&#x63;&#x65;&#x64;&#x65;&#x72;&#x6d;&#x79;&#x72;&#x40;&#x63;&#x6c;&#x75;&#x62;&#x63;&#x6f;&#x72;&#x76;&#x65;&#x74;&#x74;&#x65;&#x2e;&#x73;&#x65;<\/a><\/div>\n","protected":false},"excerpt":{"rendered":"<p>Distriktsansvarig Arne Nilsson Sollentuna 070-509 08 03 &#x61;&#x72;&#x6e;&#x65;&#46;&#110;&#105;ls&#x73;&#x6f;&#x6e;&#x40;&#x63;&#108;&#117;&#98;co&#x72;&#x76;&#x65;&#x74;&#x74;&#101;&#46;&#115;e M\u00e4lardalen Mitt \/ Stockholm Klubblokalen Matz Andersson Sundbyberg 08-795 72 74 070-910 83 93 &#109;&#97;&#x74;z&#46;&#x61;&#x40;c&#108;&#x75;&#x62;c&#111;&#x72;&#x76;e&#116;&#x74;&#x65;&#46;&#115;&#x65; Tr\u00e4ffar Lars-Erik \u00d6hrn \/ Ingrid Rylow B\u00e5lsta 0171-573 39 070-555 73 39 &#108;&#x61;&#115;&#x73;&#101;&#x40;&#99;&#x6c;&#117;&#x62;&#99;&#x6f;r&#x76;e&#x74;t&#x65;&#46;&#x73;e Tr\u00e4ffar Johan Wedberg Tyres\u00f6 070-2677031 wedberg&#64;&#99;&#108;&#117;&#98;&#99;&#111;&#114;&#118;&#101;&#116;&#x74;&#x65;&#x2e;&#x73;&#x65; Tr\u00e4ffar \/ Racing Michael Zandin T\u00e4by 070-860 00 54 Mich&#97;&#101;&#108;&#46;&#90;&#97;&#110;&#x64;&#x69;&#x6e;&#x40;&#x63;&#x6c;&#x75;&#x62;&#x63;orve&#116;&#116;&#101;&#46;&#115;&#101; Oldies M\u00e4lardalen V\u00e4st [&hellip;]<\/p>\n","protected":false},"author":1,"featured_media":0,"parent":0,"menu_order":3,"comment_status":"open","ping_status":"open","template":"","meta":{"_acf_changed":false,"footnotes":""},"class_list":["post-13","page","type-page","status-publish","hentry"],"acf":[],"_links":{"self":[{"href":"https:\/\/clubcorvette.se\/malardalen\/wp-json\/wp\/v2\/pages\/13","targetHints":{"allow":["GET"]}}],"collection":[{"href":"https:\/\/clubcorvette.se\/malardalen\/wp-json\/wp\/v2\/pages"}],"about":[{"href":"https:\/\/clubcorvette.se\/malardalen\/wp-json\/wp\/v2\/types\/page"}],"author":[{"embeddable":true,"href":"https:\/\/clubcorvette.se\/malardalen\/wp-json\/wp\/v2\/users\/1"}],"replies":[{"embeddable":true,"href":"https:\/\/clubcorvette.se\/malardalen\/wp-json\/wp\/v2\/comments?post=13"}],"version-history":[{"count":48,"href":"https:\/\/clubcorvette.se\/malardalen\/wp-json\/wp\/v2\/pages\/13\/revisions"}],"predecessor-version":[{"id":6116,"href":"https:\/\/clubcorvette.se\/malardalen\/wp-json\/wp\/v2\/pages\/13\/revisions\/6116"}],"wp:attachment":[{"href":"https:\/\/clubcorvette.se\/malardalen\/wp-json\/wp\/v2\/media?parent=13"}],"curies":[{"name":"wp","href":"https:\/\/api.w.org\/{rel}","templated":true}]}}