{"id":14,"date":"2014-12-05T22:15:27","date_gmt":"2014-12-05T21:15:27","guid":{"rendered":"http:\/\/clubcorvette.se\/greatlakedistrict\/ovrigt\/"},"modified":"2022-06-12T10:50:27","modified_gmt":"2022-06-12T08:50:27","slug":"information","status":"publish","type":"page","link":"https:\/\/clubcorvette.se\/greatlakedistrict\/information\/","title":{"rendered":"Information"},"content":{"rendered":"<p>&nbsp;<\/p>\n<div id=\"v1forwardbody1\">\n<div class=\"v1v1v1v1v1x_v1x_elementToProof\">\n<p><strong>V\u00e4lkommen\u00a0<\/strong><strong>till Great Lake District!<\/strong><\/p>\n<p>Distrikt Great Lake District best\u00e5r av N\u00e4rke, V\u00e4rmland och Skaraborg och vi har ungef\u00e4r 300 medlemmar.<\/p>\n<p>Vi vill g\u00f6ra ditt medlemskap i\u00a0<strong>Club Corvette Sweden<\/strong>\u00a0s\u00e5 givande som m\u00f6jligt. Den sociala samvaron \u00e4r viktig och det \u00e4r fantastiskt att tr\u00e4ffas med v\u00e5ra fina Corvetter\u00a0och f\u00e5 nya v\u00e4nner med samma intresse.\u00a0Vi f\u00f6rs\u00f6ker planera v\u00e5ra aktiviteter f\u00f6r alla smakriktningar med allt fr\u00e5n kv\u00e4llstr\u00e4ffar till cruising, racing, studiebes\u00f6k m.m.<\/p>\n<p>Aktivitetskalendern uppdateras kontinuerligt och i god tid inf\u00f6r varje aktivitet finns detaljerad information.<\/p>\n<div>\n<ul>\n<li>F\u00f6r att anm\u00e4la dig till aktiviteter m\u00e5ste du vara inloggad p\u00e5 <strong>Club Corvette Sweden<\/strong>.<\/li>\n<li>Under respektive aktivitet anges hur ev. betalning ska g\u00f6ras.<\/li>\n<li>Bindande anm\u00e4lan kan beh\u00f6vas till vissa aktiviteter beroende p\u00e5 att mat, kaffe, parkering eller liknande m\u00e5ste planeras i f\u00f6rv\u00e4g.<\/li>\n<li>Om du inte kan komma trots att du anm\u00e4lt dig m\u00e5ste du kontakta\u00a0<strong>aktivitetsansvarig och avboka<\/strong>.<\/li>\n<li>Medtag ditt medlemskort vid samtliga aktiviteter.<\/li>\n<\/ul>\n<\/div>\n<\/div>\n<div dir=\"ltr\">\n<div class=\"v1v1v1v1v1x_v1x_x_elementToProof v1v1v1v1v1x_v1x_elementToProof\">\n<p>Titta i\u00a0<a href=\"https:\/\/clubcorvette.se\/greatlakedistrict\/kalender\/\" target=\"_blank\" rel=\"noopener noreferrer\">kalendern<\/a>\u00a0och l\u00e5t dig inspireras \u2013 s\u00e5 ses vi!<\/p>\n<p>Har du tips om en aktivitet? V\u00e4nd dig till n\u00e4rmaste <a href=\"https:\/\/clubcorvette.se\/greatlakedistrict\/kontakter\/\" target=\"_blank\" rel=\"noopener\">kontaktperson<\/a> inom v\u00e5rt distrikt och ber\u00e4tta mer om din id\u00e9. Kontaktpersonerna hj\u00e4lper g\u00e4rna till med den praktiska planeringen. B\u00e5de kontaktpersoner och medlemmar kan vara ansvariga f\u00f6r en aktivitet.<\/p>\n<p>I medlemskapet ing\u00e5r \u00e4ven Corvette magasinet som inneh\u00e5ller olika reportage, annonser och erbjudanden fr\u00e5n partners. Tidningen skickas ut per post fyra g\u00e5nger per \u00e5r.<\/p>\n<p>&nbsp;<\/p>\n<\/div>\n<\/div>\n<\/div>\n<p>.<\/p>\n<p>&nbsp;<\/p>\n<p>&nbsp;<\/p>\n","protected":false},"excerpt":{"rendered":"<p>&nbsp; V\u00e4lkommen\u00a0till Great Lake District! Distrikt Great Lake District best\u00e5r av N\u00e4rke, V\u00e4rmland och Skaraborg och vi har ungef\u00e4r 300 medlemmar. Vi vill g\u00f6ra ditt medlemskap i\u00a0Club Corvette Sweden\u00a0s\u00e5 givande som m\u00f6jligt. Den sociala samvaron \u00e4r viktig och det \u00e4r fantastiskt att tr\u00e4ffas med v\u00e5ra fina Corvetter\u00a0och f\u00e5 nya v\u00e4nner med samma intresse.\u00a0Vi f\u00f6rs\u00f6ker planera [&hellip;]<\/p>\n","protected":false},"author":1,"featured_media":0,"parent":0,"menu_order":4,"comment_status":"open","ping_status":"open","template":"","meta":{"_acf_changed":false,"footnotes":""},"class_list":["post-14","page","type-page","status-publish","hentry"],"acf":[],"_links":{"self":[{"href":"https:\/\/clubcorvette.se\/greatlakedistrict\/wp-json\/wp\/v2\/pages\/14","targetHints":{"allow":["GET"]}}],"collection":[{"href":"https:\/\/clubcorvette.se\/greatlakedistrict\/wp-json\/wp\/v2\/pages"}],"about":[{"href":"https:\/\/clubcorvette.se\/greatlakedistrict\/wp-json\/wp\/v2\/types\/page"}],"author":[{"embeddable":true,"href":"https:\/\/clubcorvette.se\/greatlakedistrict\/wp-json\/wp\/v2\/users\/1"}],"replies":[{"embeddable":true,"href":"https:\/\/clubcorvette.se\/greatlakedistrict\/wp-json\/wp\/v2\/comments?post=14"}],"version-history":[{"count":12,"href":"https:\/\/clubcorvette.se\/greatlakedistrict\/wp-json\/wp\/v2\/pages\/14\/revisions"}],"predecessor-version":[{"id":5438,"href":"https:\/\/clubcorvette.se\/greatlakedistrict\/wp-json\/wp\/v2\/pages\/14\/revisions\/5438"}],"wp:attachment":[{"href":"https:\/\/clubcorvette.se\/greatlakedistrict\/wp-json\/wp\/v2\/media?parent=14"}],"curies":[{"name":"wp","href":"https:\/\/api.w.org\/{rel}","templated":true}]}}