{"id":14,"date":"2014-12-05T22:19:07","date_gmt":"2014-12-05T21:19:07","guid":{"rendered":"http:\/\/clubcorvette.se\/dalarna-halsingland\/ovrigt\/"},"modified":"2023-10-03T18:01:45","modified_gmt":"2023-10-03T16:01:45","slug":"information","status":"publish","type":"page","link":"https:\/\/clubcorvette.se\/dalarna-halsingland\/information\/","title":{"rendered":"Information"},"content":{"rendered":"<p>Hej alla Corvettev\u00e4nner!<\/p>\n<p>Det \u00e4r ni medlemmar som \u00e4r klubben. Har ni id\u00e9er, s\u00e5 ta kontakt med oss som \u00e4r kontaktpersoner i distriktet och kom med f\u00f6rslag p\u00e5 aktiviteter vi kan g\u00f6ra. Det kan vara resm\u00e5l, studiebes\u00f6k, samk\u00f6rningar m.m. F\u00f6r att f\u00e5 ut informationen s\u00e5 finns hemsidan, Facebook och SMS-grupper.<\/p>\n<p>V\u00e5r ambition \u00e4r att ha god kontakt mellan medlemmarna i hela distriktet som \u00e4r G\u00e4vleborgs och Dalarna l\u00e4n. F\u00f6r att lyckas med det s\u00e5 finns ett antal SMS-grupper som vi administrerar. En SMS-grupp kan best\u00e5 av max 50 st s\u00e5 d\u00e4rf\u00f6r finns just nu fem grupper.<\/p>\n<p>Vill man inte delta i SMS-gruppen s\u00e5 meddela bara oss s\u00e5 tar vi bort er ur gruppen.<\/p>\n<p>Om ni av n\u00e5gon anledning inte f\u00e5r SMS fr\u00e5n distriktet s\u00e5 kontakta oss.<\/p>\n<p>Med v\u00e4nliga h\u00e4lsningar<br \/>\nBenny &amp; Anita Eriksson<\/p>\n","protected":false},"excerpt":{"rendered":"<p>Hej alla Corvettev\u00e4nner! Det \u00e4r ni medlemmar som \u00e4r klubben. Har ni id\u00e9er, s\u00e5 ta kontakt med oss som \u00e4r kontaktpersoner i distriktet och kom med f\u00f6rslag p\u00e5 aktiviteter vi kan g\u00f6ra. Det kan vara resm\u00e5l, studiebes\u00f6k, samk\u00f6rningar m.m. F\u00f6r att f\u00e5 ut informationen s\u00e5 finns hemsidan, Facebook och SMS-grupper. V\u00e5r ambition \u00e4r att ha [&hellip;]<\/p>\n","protected":false},"author":1,"featured_media":0,"parent":0,"menu_order":4,"comment_status":"open","ping_status":"open","template":"","meta":{"_acf_changed":false,"footnotes":""},"class_list":["post-14","page","type-page","status-publish","hentry"],"acf":[],"_links":{"self":[{"href":"https:\/\/clubcorvette.se\/dalarna-halsingland\/wp-json\/wp\/v2\/pages\/14","targetHints":{"allow":["GET"]}}],"collection":[{"href":"https:\/\/clubcorvette.se\/dalarna-halsingland\/wp-json\/wp\/v2\/pages"}],"about":[{"href":"https:\/\/clubcorvette.se\/dalarna-halsingland\/wp-json\/wp\/v2\/types\/page"}],"author":[{"embeddable":true,"href":"https:\/\/clubcorvette.se\/dalarna-halsingland\/wp-json\/wp\/v2\/users\/1"}],"replies":[{"embeddable":true,"href":"https:\/\/clubcorvette.se\/dalarna-halsingland\/wp-json\/wp\/v2\/comments?post=14"}],"version-history":[{"count":9,"href":"https:\/\/clubcorvette.se\/dalarna-halsingland\/wp-json\/wp\/v2\/pages\/14\/revisions"}],"predecessor-version":[{"id":4867,"href":"https:\/\/clubcorvette.se\/dalarna-halsingland\/wp-json\/wp\/v2\/pages\/14\/revisions\/4867"}],"wp:attachment":[{"href":"https:\/\/clubcorvette.se\/dalarna-halsingland\/wp-json\/wp\/v2\/media?parent=14"}],"curies":[{"name":"wp","href":"https:\/\/api.w.org\/{rel}","templated":true}]}}